{"id":1096,"date":"2025-09-20T07:24:47","date_gmt":"2025-09-20T07:24:47","guid":{"rendered":"https:\/\/panwinjet.com\/?post_type=product&#038;p=1096"},"modified":"2025-09-20T07:24:47","modified_gmt":"2025-09-20T07:24:47","slug":"40kpsi-2800bar-sea-king-uhp-shipyard-barracuda-surface-preparation-cleaning-self-rotary-nozzles","status":"publish","type":"product","link":"https:\/\/panwinjet.com\/es\/producto\/40kpsi-2800bar-sea-king-uhp-shipyard-barracuda-surface-preparation-cleaning-self-rotary-nozzles\/","title":{"rendered":"40Kpsi 2800Bar Sea-King UHP Astillero Barracuda Preparaci\u00f3n de Superficies Limpieza Boquillas Autorrotativas"},"content":{"rendered":"<p><strong><b>Boquillas autorrotativas de limpieza para astillero Barracuda SeaKing UHP de 40 kpsi<\/b><\/strong><\/p>\n<p><strong><b>Introducci\u00f3n de las boquillas autorotativa de limpieza SeaKing UHP de 40 kpsi para astilleros Barracuda<\/b><\/strong><\/p>\n<p>Las boquillas autorrotativas de limpieza para astilleros Barracuda de 40 Kpsi SeaKing UHP son un limpiador de superficies con un sistema de frenado magn\u00e9tico instalado en la pistola rociadora.<\/p>\n<p>Gira a una velocidad controlada produciendo flujos centralizados y densos.<\/p>\n<p>Este cabezal de limpieza ligero se puede conectar a cualquier tipo de hidrolimpiadora y es de f\u00e1cil mantenimiento. Con una presi\u00f3n de trabajo de hasta 40\u00a0000 psi (2800 bar), se puede utilizar en la preparaci\u00f3n de superficies de equipos industriales, la eliminaci\u00f3n de \u00f3xido y pintura en cascos de barcos.<\/p>\n<p>El sistema de frenado magn\u00e9tico controla la velocidad de rotaci\u00f3n para un desgaste m\u00ednimo y una limpieza m\u00e1xima.<\/p>\n<p>&nbsp;<\/p>","protected":false},"excerpt":{"rendered":"<p><b><\/b><strong><b>\u00a0Caracter\u00edsticas y aplicaciones de las boquillas autorrotativas de limpieza para preparaci\u00f3n de superficies Sea-King UHP Barracuda de 40 kpsi y 2800 bar para astilleros<\/b><\/strong><\/p>\n<p>Estas boquillas de cabezal autorrotativo para chorro de agua a alta presi\u00f3n presentan una gran versatilidad para controlar la velocidad y son adaptables a un amplio rango de presi\u00f3n.<\/p>\n<p>Y presentado de la siguiente manera:<\/p>\n<p>1: No se necesita aire comprimido para hacer la rotaci\u00f3n.<\/p>\n<p>2: Presi\u00f3n y velocidad controlables para tareas vers\u00e1tiles.<\/p>\n<p>3: F\u00e1cil mantenimiento y reemplazo r\u00e1pido<\/p>\n<p>4: Ligero y de alta eficiencia<\/p>\n<p>5. Su estructura compacta y sencilla hace que estas boquillas autorrotativas de limpieza para preparaci\u00f3n de superficies Barracuda de astillero Sea-King UHP de 40 Kpsi y 2800 bar sean ideales para su uso en astillero. <strong><b>F\u00e1cil de mantener, es la primera opci\u00f3n para la limpieza de astilleros para tareas urgentes que ahorran tiempo.<\/b><\/strong><\/p>\n<p><strong><b>Como puedes ver el dibujo de desglose.<\/b><\/strong><\/p>\n<p><img decoding=\"async\" class=\"aligncenter size-full wp-image-1102 lazyload\" data-src=\"https:\/\/panwinjet.com\/wp-content\/uploads\/2025\/09\/SeaKing-Manual-pictures-2-1.png\" alt=\"\" width=\"774\" height=\"776\" data-srcset=\"https:\/\/panwinjet.com\/wp-content\/uploads\/2025\/09\/SeaKing-Manual-pictures-2-1.png 774w, https:\/\/panwinjet.com\/wp-content\/uploads\/2025\/09\/SeaKing-Manual-pictures-2-1-500x500.png 500w, https:\/\/panwinjet.com\/wp-content\/uploads\/2025\/09\/SeaKing-Manual-pictures-2-1-300x300.png 300w, https:\/\/panwinjet.com\/wp-content\/uploads\/2025\/09\/SeaKing-Manual-pictures-2-1-768x770.png 768w, https:\/\/panwinjet.com\/wp-content\/uploads\/2025\/09\/SeaKing-Manual-pictures-2-1-150x150.png 150w, https:\/\/panwinjet.com\/wp-content\/uploads\/2025\/09\/SeaKing-Manual-pictures-2-1-75x75.png 75w, https:\/\/panwinjet.com\/wp-content\/uploads\/2025\/09\/SeaKing-Manual-pictures-2-1-480x481.png 480w\" data-sizes=\"(max-width:767px) 480px, (max-width:774px) 100vw, 774px\" src=\"data:image\/svg+xml;base64,PHN2ZyB3aWR0aD0iMSIgaGVpZ2h0PSIxIiB4bWxucz0iaHR0cDovL3d3dy53My5vcmcvMjAwMC9zdmciPjwvc3ZnPg==\" style=\"--smush-placeholder-width: 774px; --smush-placeholder-aspect-ratio: 774\/776;\" \/> <img decoding=\"async\" class=\"aligncenter size-full wp-image-1104 lazyload\" data-src=\"https:\/\/panwinjet.com\/wp-content\/uploads\/2025\/09\/SeaKing-Manual-pictures-3-1.png\" alt=\"\" width=\"311\" height=\"591\" data-srcset=\"https:\/\/panwinjet.com\/wp-content\/uploads\/2025\/09\/SeaKing-Manual-pictures-3-1.png 311w, https:\/\/panwinjet.com\/wp-content\/uploads\/2025\/09\/SeaKing-Manual-pictures-3-1-263x500.png 263w, https:\/\/panwinjet.com\/wp-content\/uploads\/2025\/09\/SeaKing-Manual-pictures-3-1-158x300.png 158w, https:\/\/panwinjet.com\/wp-content\/uploads\/2025\/09\/SeaKing-Manual-pictures-3-1-39x75.png 39w\" data-sizes=\"(max-width:767px) 311px, 311px\" src=\"data:image\/svg+xml;base64,PHN2ZyB3aWR0aD0iMSIgaGVpZ2h0PSIxIiB4bWxucz0iaHR0cDovL3d3dy53My5vcmcvMjAwMC9zdmciPjwvc3ZnPg==\" style=\"--smush-placeholder-width: 311px; --smush-placeholder-aspect-ratio: 311\/591;\" \/> <img decoding=\"async\" class=\"aligncenter size-full wp-image-1105 lazyload\" data-src=\"https:\/\/panwinjet.com\/wp-content\/uploads\/2025\/09\/SeaKing-Manual-pictures-4-1.png\" alt=\"\" width=\"981\" height=\"800\" data-srcset=\"https:\/\/panwinjet.com\/wp-content\/uploads\/2025\/09\/SeaKing-Manual-pictures-4-1.png 981w, https:\/\/panwinjet.com\/wp-content\/uploads\/2025\/09\/SeaKing-Manual-pictures-4-1-500x408.png 500w, https:\/\/panwinjet.com\/wp-content\/uploads\/2025\/09\/SeaKing-Manual-pictures-4-1-300x245.png 300w, https:\/\/panwinjet.com\/wp-content\/uploads\/2025\/09\/SeaKing-Manual-pictures-4-1-768x626.png 768w, https:\/\/panwinjet.com\/wp-content\/uploads\/2025\/09\/SeaKing-Manual-pictures-4-1-92x75.png 92w, https:\/\/panwinjet.com\/wp-content\/uploads\/2025\/09\/SeaKing-Manual-pictures-4-1-480x391.png 480w, https:\/\/panwinjet.com\/wp-content\/uploads\/2025\/09\/SeaKing-Manual-pictures-4-1-800x652.png 800w\" data-sizes=\"(max-width:767px) 480px, (max-width:981px) 100vw, 981px\" src=\"data:image\/svg+xml;base64,PHN2ZyB3aWR0aD0iMSIgaGVpZ2h0PSIxIiB4bWxucz0iaHR0cDovL3d3dy53My5vcmcvMjAwMC9zdmciPjwvc3ZnPg==\" style=\"--smush-placeholder-width: 981px; --smush-placeholder-aspect-ratio: 981\/800;\" \/> <img decoding=\"async\" class=\"aligncenter size-full wp-image-1106 lazyload\" data-src=\"https:\/\/panwinjet.com\/wp-content\/uploads\/2025\/09\/SeaKing-Manual-pictures.png\" alt=\"\" width=\"1045\" height=\"460\" data-srcset=\"https:\/\/panwinjet.com\/wp-content\/uploads\/2025\/09\/SeaKing-Manual-pictures.png 1045w, https:\/\/panwinjet.com\/wp-content\/uploads\/2025\/09\/SeaKing-Manual-pictures-500x220.png 500w, https:\/\/panwinjet.com\/wp-content\/uploads\/2025\/09\/SeaKing-Manual-pictures-300x132.png 300w, https:\/\/panwinjet.com\/wp-content\/uploads\/2025\/09\/SeaKing-Manual-pictures-768x338.png 768w, https:\/\/panwinjet.com\/wp-content\/uploads\/2025\/09\/SeaKing-Manual-pictures-150x66.png 150w, https:\/\/panwinjet.com\/wp-content\/uploads\/2025\/09\/SeaKing-Manual-pictures-480x211.png 480w, https:\/\/panwinjet.com\/wp-content\/uploads\/2025\/09\/SeaKing-Manual-pictures-800x352.png 800w\" data-sizes=\"(max-width:767px) 480px, (max-width:1045px) 100vw, 1045px\" src=\"data:image\/svg+xml;base64,PHN2ZyB3aWR0aD0iMSIgaGVpZ2h0PSIxIiB4bWxucz0iaHR0cDovL3d3dy53My5vcmcvMjAwMC9zdmciPjwvc3ZnPg==\" style=\"--smush-placeholder-width: 1045px; --smush-placeholder-aspect-ratio: 1045\/460;\" \/><\/p>\n<p><strong><b>\u00a0<\/b><\/strong><\/p>\n<p>&nbsp;<\/p>\n<p><strong><b>Solicitud:<\/b><\/strong><\/p>\n<p>Nosotros, Panwin, le suministramos <strong><b>Boquillas rotativas Barracuda de 22\u00a0000 bar y 1500 bar, 2 boquillas de inserci\u00f3n<\/b><\/strong><strong><b>\u00a0<\/b><\/strong>con un precio razonable y se puede aplicar en <strong><b>Solicitud:<\/b><\/strong><\/p>\n<p>Piezas de repuesto para equipos de limpieza de bombas de \u00e9mbolo triplex UHP de 3000 bar para astilleros. Robot de preparaci\u00f3n de superficies para barras de pulverizaci\u00f3n Hammelmann.<\/p>\n<p>Chorro de agua a presi\u00f3n por agua para la industria del hierro, el acero y los metales<\/p>\n<p>Ingenier\u00eda mec\u00e1nica y de aparatos para hidrolavadoras de alta presi\u00f3n<\/p>\n<p>Industria del cemento y el hormig\u00f3n<\/p>\n<p>Limpieza de superficies con barracuda de alta presi\u00f3n<\/p>\n<p>Piezas para equipos de limpieza UHP Hydro Jet<\/p>\n<p>Barras pulverizadoras de limpieza industrial<\/p>\n<p>M\u00e1quina de hidrolavado para la industria de refinaci\u00f3n de petr\u00f3leo<\/p>\n<p>Limpieza de superficies con chorro de agua a presi\u00f3n, limpieza de tanques y recipientes.<\/p>\n<p>Limpieza del intercambiador de calor,<\/p>\n<p>Limpieza de pintura de autom\u00f3viles, limpieza de la industria minera, limpieza de f\u00e1bricas de acero, etc.<\/p>\n<p>Equipos de limpieza de alcantarillado de alta presi\u00f3n para redes de tuber\u00edas municipales de suministro de agua y drenaje;<\/p>","protected":false},"featured_media":1098,"template":"","meta":[],"product_brand":[],"product_cat":[5],"product_tag":[],"class_list":{"0":"post-1096","1":"product","2":"type-product","3":"status-publish","4":"has-post-thumbnail","6":"product_cat-uhp-rotating-nozzles","8":"first","9":"instock","10":"shipping-taxable","11":"product-type-simple"},"yoast_head":"<!-- This site is optimized with the Yoast SEO plugin v24.9 - https:\/\/yoast.com\/wordpress\/plugins\/seo\/ -->\n<title>40Kpsi 2800Bar Sea-King UHP Shipyard Barracuda Surface Preparation Cleaning Self-Rotary Nozzles - Panwin Machinery&amp;Equipment<\/title>\n<meta name=\"robots\" content=\"index, follow, max-snippet:-1, max-image-preview:large, max-video-preview:-1\" \/>\n<link rel=\"canonical\" href=\"https:\/\/panwinjet.com\/es\/producto\/40kpsi-2800bar-sea-king-uhp-shipyard-barracuda-surface-preparation-cleaning-self-rotary-nozzles\/\" \/>\n<meta property=\"og:locale\" content=\"es_ES\" \/>\n<meta property=\"og:type\" content=\"article\" \/>\n<meta property=\"og:title\" content=\"40Kpsi 2800Bar Sea-King UHP Shipyard Barracuda Surface Preparation Cleaning Self-Rotary Nozzles - Panwin Machinery&amp;Equipment\" \/>\n<meta property=\"og:description\" content=\"\u00a0Feature And Application of 40Kpsi 2800Bar Sea-King UHP Shipyard Barracuda Surface Preparation Cleaning Self-Rotary Nozzles  This High Pressure Hydro Jet Blasting Self-Rotary Head Nozzles featured \u00a0high-versatility for controllable speed, and it is adaptable for wide range pressure.  And featured as follows:  1:No Compressed air need to make the rotary  2:Controllable pressure&amp;speed for versatile task  3:Easy for service and quick replacement  4:Light weight and high-efficiency  5.Compact and simple Structure make this 40Kpsi 2800Bar Sea-King UHP Shipyard Barracuda Surface Preparation Cleaning Self-Rotary Nozzles easy to service, it is the first choice for the Shipyard Cleaning for the urgent and time-saving Task.  As you can see the breakdown drawing.      \u00a0  &nbsp;  Application:  We Panwin supply you the 22K 1500Bar Barracuda Rotary Nozzles 2 Insert Nozzles\u00a0with reasonable price, and it can be applied in Application:  UHP 3000Bar UHP triplex plunger pump cleaning equipment parts Shipyard Surface preparation Robot for \u00a0Hammelmann Spraying Bar  Hydro Jet blaster Iron, Steel And Metal Industry  high pressure waterblaster\u00a0Mechanical\u00a0and Apparatus Engineering  Cements and Concrete Industry  high pressure barracuda\u00a0Surface cleaning  UHP hydro Jet cleaning equipment parts  Industrial Cleaning Spray Bars  hydro blasting machine\u00a0for petroleum refining industry  Hydro Jet Surface Cleaning,Tank&amp;Vessel Cleaning,  Heat Exchange Cleaning,  Automotive Painting cleaning Mining industry cleaning Steel manufacture cleaning etc.  High pressure sewer cleaning equipment\u00a0for municipal pipe networks\u00a0water supply and drainage pipelines;\" \/>\n<meta property=\"og:url\" content=\"https:\/\/panwinjet.com\/es\/producto\/40kpsi-2800bar-sea-king-uhp-shipyard-barracuda-surface-preparation-cleaning-self-rotary-nozzles\/\" \/>\n<meta property=\"og:site_name\" content=\"Panwin Machinery&amp;Equipment\" \/>\n<meta property=\"og:image\" content=\"https:\/\/panwinjet.com\/wp-content\/uploads\/2025\/09\/2800Bar-SeaKing-UHP-Shipyard-Barracuda-Cleaning-Self-Rotary-Nozzles-scaled.jpg\" \/>\n\t<meta property=\"og:image:width\" content=\"1920\" \/>\n\t<meta property=\"og:image:height\" content=\"2560\" \/>\n\t<meta property=\"og:image:type\" content=\"image\/jpeg\" \/>\n<meta name=\"twitter:card\" content=\"summary_large_image\" \/>\n<meta name=\"twitter:label1\" content=\"Tiempo de lectura\" \/>\n\t<meta name=\"twitter:data1\" content=\"1 minuto\" \/>\n<script type=\"application\/ld+json\" class=\"yoast-schema-graph\">{\"@context\":\"https:\/\/schema.org\",\"@graph\":[{\"@type\":\"WebPage\",\"@id\":\"https:\/\/panwinjet.com\/product\/40kpsi-2800bar-sea-king-uhp-shipyard-barracuda-surface-preparation-cleaning-self-rotary-nozzles\/\",\"url\":\"https:\/\/panwinjet.com\/product\/40kpsi-2800bar-sea-king-uhp-shipyard-barracuda-surface-preparation-cleaning-self-rotary-nozzles\/\",\"name\":\"40Kpsi 2800Bar Sea-King UHP Shipyard Barracuda Surface Preparation Cleaning Self-Rotary Nozzles - Panwin Machinery&amp;Equipment\",\"isPartOf\":{\"@id\":\"https:\/\/panwinjet.com\/#website\"},\"primaryImageOfPage\":{\"@id\":\"https:\/\/panwinjet.com\/product\/40kpsi-2800bar-sea-king-uhp-shipyard-barracuda-surface-preparation-cleaning-self-rotary-nozzles\/#primaryimage\"},\"image\":{\"@id\":\"https:\/\/panwinjet.com\/product\/40kpsi-2800bar-sea-king-uhp-shipyard-barracuda-surface-preparation-cleaning-self-rotary-nozzles\/#primaryimage\"},\"thumbnailUrl\":\"https:\/\/panwinjet.com\/wp-content\/uploads\/2025\/09\/2800Bar-SeaKing-UHP-Shipyard-Barracuda-Cleaning-Self-Rotary-Nozzles-scaled.jpg\",\"datePublished\":\"2025-09-20T07:24:47+00:00\",\"breadcrumb\":{\"@id\":\"https:\/\/panwinjet.com\/product\/40kpsi-2800bar-sea-king-uhp-shipyard-barracuda-surface-preparation-cleaning-self-rotary-nozzles\/#breadcrumb\"},\"inLanguage\":\"es\",\"potentialAction\":[{\"@type\":\"ReadAction\",\"target\":[\"https:\/\/panwinjet.com\/product\/40kpsi-2800bar-sea-king-uhp-shipyard-barracuda-surface-preparation-cleaning-self-rotary-nozzles\/\"]}]},{\"@type\":\"ImageObject\",\"inLanguage\":\"es\",\"@id\":\"https:\/\/panwinjet.com\/product\/40kpsi-2800bar-sea-king-uhp-shipyard-barracuda-surface-preparation-cleaning-self-rotary-nozzles\/#primaryimage\",\"url\":\"https:\/\/panwinjet.com\/wp-content\/uploads\/2025\/09\/2800Bar-SeaKing-UHP-Shipyard-Barracuda-Cleaning-Self-Rotary-Nozzles-scaled.jpg\",\"contentUrl\":\"https:\/\/panwinjet.com\/wp-content\/uploads\/2025\/09\/2800Bar-SeaKing-UHP-Shipyard-Barracuda-Cleaning-Self-Rotary-Nozzles-scaled.jpg\",\"width\":1920,\"height\":2560},{\"@type\":\"BreadcrumbList\",\"@id\":\"https:\/\/panwinjet.com\/product\/40kpsi-2800bar-sea-king-uhp-shipyard-barracuda-surface-preparation-cleaning-self-rotary-nozzles\/#breadcrumb\",\"itemListElement\":[{\"@type\":\"ListItem\",\"position\":1,\"name\":\"\u9996\u9875\",\"item\":\"https:\/\/panwinjet.com\/\"},{\"@type\":\"ListItem\",\"position\":2,\"name\":\"PRODUCT\",\"item\":\"https:\/\/panwinjet.com\/product\/\"},{\"@type\":\"ListItem\",\"position\":3,\"name\":\"40Kpsi 2800Bar Sea-King UHP Shipyard Barracuda Surface Preparation Cleaning Self-Rotary Nozzles\"}]},{\"@type\":\"WebSite\",\"@id\":\"https:\/\/panwinjet.com\/#website\",\"url\":\"https:\/\/panwinjet.com\/\",\"name\":\"Panwin Machinery&amp;Equipment\",\"description\":\"Shenzhen Panwin Machinery&amp;Equipment Co.Ltd\",\"potentialAction\":[{\"@type\":\"SearchAction\",\"target\":{\"@type\":\"EntryPoint\",\"urlTemplate\":\"https:\/\/panwinjet.com\/?s={search_term_string}\"},\"query-input\":{\"@type\":\"PropertyValueSpecification\",\"valueRequired\":true,\"valueName\":\"search_term_string\"}}],\"inLanguage\":\"es\"}]}<\/script>\n<!-- \/ Yoast SEO plugin. -->","yoast_head_json":{"title":"40Kpsi 2800Bar Sea-King UHP Shipyard Barracuda Surface Preparation Cleaning Self-Rotary Nozzles - Panwin Machinery&amp;Equipment","robots":{"index":"index","follow":"follow","max-snippet":"max-snippet:-1","max-image-preview":"max-image-preview:large","max-video-preview":"max-video-preview:-1"},"canonical":"https:\/\/panwinjet.com\/es\/producto\/40kpsi-2800bar-sea-king-uhp-shipyard-barracuda-surface-preparation-cleaning-self-rotary-nozzles\/","og_locale":"es_ES","og_type":"article","og_title":"40Kpsi 2800Bar Sea-King UHP Shipyard Barracuda Surface Preparation Cleaning Self-Rotary Nozzles - Panwin Machinery&amp;Equipment","og_description":"\u00a0Feature And Application of 40Kpsi 2800Bar Sea-King UHP Shipyard Barracuda Surface Preparation Cleaning Self-Rotary Nozzles  This High Pressure Hydro Jet Blasting Self-Rotary Head Nozzles featured \u00a0high-versatility for controllable speed, and it is adaptable for wide range pressure.  And featured as follows:  1:No Compressed air need to make the rotary  2:Controllable pressure&amp;speed for versatile task  3:Easy for service and quick replacement  4:Light weight and high-efficiency  5.Compact and simple Structure make this 40Kpsi 2800Bar Sea-King UHP Shipyard Barracuda Surface Preparation Cleaning Self-Rotary Nozzles easy to service, it is the first choice for the Shipyard Cleaning for the urgent and time-saving Task.  As you can see the breakdown drawing.      \u00a0  &nbsp;  Application:  We Panwin supply you the 22K 1500Bar Barracuda Rotary Nozzles 2 Insert Nozzles\u00a0with reasonable price, and it can be applied in Application:  UHP 3000Bar UHP triplex plunger pump cleaning equipment parts Shipyard Surface preparation Robot for \u00a0Hammelmann Spraying Bar  Hydro Jet blaster Iron, Steel And Metal Industry  high pressure waterblaster\u00a0Mechanical\u00a0and Apparatus Engineering  Cements and Concrete Industry  high pressure barracuda\u00a0Surface cleaning  UHP hydro Jet cleaning equipment parts  Industrial Cleaning Spray Bars  hydro blasting machine\u00a0for petroleum refining industry  Hydro Jet Surface Cleaning,Tank&amp;Vessel Cleaning,  Heat Exchange Cleaning,  Automotive Painting cleaning Mining industry cleaning Steel manufacture cleaning etc.  High pressure sewer cleaning equipment\u00a0for municipal pipe networks\u00a0water supply and drainage pipelines;","og_url":"https:\/\/panwinjet.com\/es\/producto\/40kpsi-2800bar-sea-king-uhp-shipyard-barracuda-surface-preparation-cleaning-self-rotary-nozzles\/","og_site_name":"Panwin Machinery&amp;Equipment","og_image":[{"width":1920,"height":2560,"url":"https:\/\/panwinjet.com\/wp-content\/uploads\/2025\/09\/2800Bar-SeaKing-UHP-Shipyard-Barracuda-Cleaning-Self-Rotary-Nozzles-scaled.jpg","type":"image\/jpeg"}],"twitter_card":"summary_large_image","twitter_misc":{"Tiempo de lectura":"1 minuto"},"schema":{"@context":"https:\/\/schema.org","@graph":[{"@type":"WebPage","@id":"https:\/\/panwinjet.com\/product\/40kpsi-2800bar-sea-king-uhp-shipyard-barracuda-surface-preparation-cleaning-self-rotary-nozzles\/","url":"https:\/\/panwinjet.com\/product\/40kpsi-2800bar-sea-king-uhp-shipyard-barracuda-surface-preparation-cleaning-self-rotary-nozzles\/","name":"40Kpsi 2800Bar Sea-King UHP Shipyard Barracuda Surface Preparation Cleaning Self-Rotary Nozzles - Panwin Machinery&amp;Equipment","isPartOf":{"@id":"https:\/\/panwinjet.com\/#website"},"primaryImageOfPage":{"@id":"https:\/\/panwinjet.com\/product\/40kpsi-2800bar-sea-king-uhp-shipyard-barracuda-surface-preparation-cleaning-self-rotary-nozzles\/#primaryimage"},"image":{"@id":"https:\/\/panwinjet.com\/product\/40kpsi-2800bar-sea-king-uhp-shipyard-barracuda-surface-preparation-cleaning-self-rotary-nozzles\/#primaryimage"},"thumbnailUrl":"https:\/\/panwinjet.com\/wp-content\/uploads\/2025\/09\/2800Bar-SeaKing-UHP-Shipyard-Barracuda-Cleaning-Self-Rotary-Nozzles-scaled.jpg","datePublished":"2025-09-20T07:24:47+00:00","breadcrumb":{"@id":"https:\/\/panwinjet.com\/product\/40kpsi-2800bar-sea-king-uhp-shipyard-barracuda-surface-preparation-cleaning-self-rotary-nozzles\/#breadcrumb"},"inLanguage":"es","potentialAction":[{"@type":"ReadAction","target":["https:\/\/panwinjet.com\/product\/40kpsi-2800bar-sea-king-uhp-shipyard-barracuda-surface-preparation-cleaning-self-rotary-nozzles\/"]}]},{"@type":"ImageObject","inLanguage":"es","@id":"https:\/\/panwinjet.com\/product\/40kpsi-2800bar-sea-king-uhp-shipyard-barracuda-surface-preparation-cleaning-self-rotary-nozzles\/#primaryimage","url":"https:\/\/panwinjet.com\/wp-content\/uploads\/2025\/09\/2800Bar-SeaKing-UHP-Shipyard-Barracuda-Cleaning-Self-Rotary-Nozzles-scaled.jpg","contentUrl":"https:\/\/panwinjet.com\/wp-content\/uploads\/2025\/09\/2800Bar-SeaKing-UHP-Shipyard-Barracuda-Cleaning-Self-Rotary-Nozzles-scaled.jpg","width":1920,"height":2560},{"@type":"BreadcrumbList","@id":"https:\/\/panwinjet.com\/product\/40kpsi-2800bar-sea-king-uhp-shipyard-barracuda-surface-preparation-cleaning-self-rotary-nozzles\/#breadcrumb","itemListElement":[{"@type":"ListItem","position":1,"name":"\u9996\u9875","item":"https:\/\/panwinjet.com\/"},{"@type":"ListItem","position":2,"name":"PRODUCT","item":"https:\/\/panwinjet.com\/product\/"},{"@type":"ListItem","position":3,"name":"40Kpsi 2800Bar Sea-King UHP Shipyard Barracuda Surface Preparation Cleaning Self-Rotary Nozzles"}]},{"@type":"WebSite","@id":"https:\/\/panwinjet.com\/#website","url":"https:\/\/panwinjet.com\/","name":"Panwin Machinery&amp;Equipment","description":"Shenzhen Panwin Machinery&amp;Equipment Co.Ltd","potentialAction":[{"@type":"SearchAction","target":{"@type":"EntryPoint","urlTemplate":"https:\/\/panwinjet.com\/?s={search_term_string}"},"query-input":{"@type":"PropertyValueSpecification","valueRequired":true,"valueName":"search_term_string"}}],"inLanguage":"es"}]}},"_links":{"self":[{"href":"https:\/\/panwinjet.com\/es\/wp-json\/wp\/v2\/product\/1096","targetHints":{"allow":["GET"]}}],"collection":[{"href":"https:\/\/panwinjet.com\/es\/wp-json\/wp\/v2\/product"}],"about":[{"href":"https:\/\/panwinjet.com\/es\/wp-json\/wp\/v2\/types\/product"}],"wp:featuredmedia":[{"embeddable":true,"href":"https:\/\/panwinjet.com\/es\/wp-json\/wp\/v2\/media\/1098"}],"wp:attachment":[{"href":"https:\/\/panwinjet.com\/es\/wp-json\/wp\/v2\/media?parent=1096"}],"wp:term":[{"taxonomy":"product_brand","embeddable":true,"href":"https:\/\/panwinjet.com\/es\/wp-json\/wp\/v2\/product_brand?post=1096"},{"taxonomy":"product_cat","embeddable":true,"href":"https:\/\/panwinjet.com\/es\/wp-json\/wp\/v2\/product_cat?post=1096"},{"taxonomy":"product_tag","embeddable":true,"href":"https:\/\/panwinjet.com\/es\/wp-json\/wp\/v2\/product_tag?post=1096"}],"curies":[{"name":"wp","href":"https:\/\/api.w.org\/{rel}","templated":true}]}}