{"id":1087,"date":"2025-09-20T07:03:29","date_gmt":"2025-09-20T07:03:29","guid":{"rendered":"https:\/\/panwinjet.com\/?post_type=product&#038;p=1087"},"modified":"2025-09-20T07:03:29","modified_gmt":"2025-09-20T07:03:29","slug":"22kpis-1500bar-barracuda-rotary-nozzles-2-insert-nozzles","status":"publish","type":"product","link":"https:\/\/panwinjet.com\/es\/producto\/22kpis-1500bar-barracuda-rotary-nozzles-2-insert-nozzles\/","title":{"rendered":"Boquillas rotativas Barracuda de 22 kpis y 1500 bar, 2 boquillas de inserci\u00f3n"},"content":{"rendered":"<p><b><\/b><strong><b>Introducci\u00f3n de <\/b><\/strong><strong><b>Boquillas rotativas Barracuda de 22\u00a0000 bar y 1500 bar, 2 boquillas de inserci\u00f3n<\/b><\/strong><\/p>\n<p>Esta boquilla rotativa Barracuda 22K 1500Bar con 2 boquillas de inserci\u00f3n es la escopeta rotativa con control de velocidad avanzada de la industria, se actualiza con el estilo de pulverizaci\u00f3n BC. Tiene un alto rendimiento, es vers\u00e1til y f\u00e1cil de mantener, es excelente para disparar a diferentes tipos de trabajo en muchas condiciones y operaciones.<\/p>\n<p><b><\/b><strong><b>\u00a0Par\u00e1metro (Especificaci\u00f3n) de <\/b><\/strong><strong><b>Boquillas rotativas Barracuda de 22\u00a0000 bar y 1500 bar, 2 boquillas de inserci\u00f3n<\/b><\/strong><\/p>\n<p>El<strong><b>Boquillas rotativas Barracuda de 22\u00a0000 bar y 1500 bar, 2 boquillas de inserci\u00f3n<\/b><\/strong><\/p>\n<div style=\"width: 1220px;\" class=\"wp-video\"><video class=\"wp-video-shortcode\" id=\"video-1087-1\" width=\"1220\" height=\"536\" preload=\"metadata\" controls=\"controls\"><source type=\"video\/mp4\" src=\"https:\/\/panwinjet.com\/wp-content\/uploads\/2025\/09\/1500Bar-UHP-barracuda-Self-Rotary-Nozzles-Demon.mp4?_=1\" \/><a href=\"https:\/\/panwinjet.com\/wp-content\/uploads\/2025\/09\/1500Bar-UHP-barracuda-Self-Rotary-Nozzles-Demon.mp4\">https:\/\/panwinjet.com\/wp-content\/uploads\/2025\/09\/1500Bar-UHP-barracuda-Self-Rotary-Nozzles-Demon.mp4<\/a><\/video><\/div>\n<p><b><\/b>Es muy liviano, pesa solo 1,45 kg y la tasa de presi\u00f3n es de 0 a 22 kpsi, equivalente a 1500 bar, es una herramienta afilada para cualquier superficie irregular y condici\u00f3n de trabajo dif\u00edcil.<\/p>","protected":false},"excerpt":{"rendered":"<p><b><\/b><strong><b>Caracter\u00edsticas y aplicaciones de <\/b><\/strong><strong><b>Boquillas rotativas Barracuda de 22\u00a0000 bar y 1500 bar, 2 boquillas de inserci\u00f3n<\/b><\/strong><\/p>\n<p>Estas boquillas de cabezal autorrotativo para chorro de agua a alta presi\u00f3n presentan una gran versatilidad para controlar la velocidad y son adaptables a un amplio rango de presi\u00f3n.<\/p>\n<p>Y presentado de la siguiente manera:<\/p>\n<p>1: No se necesita aire comprimido para hacer la rotaci\u00f3n.<\/p>\n<p>2: Presi\u00f3n y velocidad controlables para tareas vers\u00e1tiles.<\/p>\n<p>3: F\u00e1cil mantenimiento y reemplazo r\u00e1pido<\/p>\n<p>4: Ligero y de alta eficiencia<\/p>\n<p>5. Su estructura compacta y sencilla lo hace <strong><b>Boquillas rotativas Barracuda de 22\u00a0000 bar y 1500 bar, 2 boquillas de inserci\u00f3n<\/b><\/strong><strong><b>F\u00e1cil de mantener, es la primera opci\u00f3n para la limpieza de astilleros para tareas urgentes que ahorran tiempo.<\/b><\/strong><\/p>\n<p><strong><b>Como puedes ver el dibujo de desglose.<\/b><\/strong><\/p>\n<p><strong><b> <img decoding=\"async\" class=\"aligncenter size-full wp-image-1093 lazyload\" data-src=\"https:\/\/panwinjet.com\/wp-content\/uploads\/2025\/09\/\u68ad\u9c7c\u55b7\u5934\u7206\u70b8\u56fe-1.jpg\" alt=\"\" width=\"1000\" height=\"700\" data-srcset=\"https:\/\/panwinjet.com\/wp-content\/uploads\/2025\/09\/\u68ad\u9c7c\u55b7\u5934\u7206\u70b8\u56fe-1.jpg 1000w, https:\/\/panwinjet.com\/wp-content\/uploads\/2025\/09\/\u68ad\u9c7c\u55b7\u5934\u7206\u70b8\u56fe-1-500x350.jpg 500w, https:\/\/panwinjet.com\/wp-content\/uploads\/2025\/09\/\u68ad\u9c7c\u55b7\u5934\u7206\u70b8\u56fe-1-300x210.jpg 300w, https:\/\/panwinjet.com\/wp-content\/uploads\/2025\/09\/\u68ad\u9c7c\u55b7\u5934\u7206\u70b8\u56fe-1-768x538.jpg 768w, https:\/\/panwinjet.com\/wp-content\/uploads\/2025\/09\/\u68ad\u9c7c\u55b7\u5934\u7206\u70b8\u56fe-1-107x75.jpg 107w, https:\/\/panwinjet.com\/wp-content\/uploads\/2025\/09\/\u68ad\u9c7c\u55b7\u5934\u7206\u70b8\u56fe-1-480x336.jpg 480w, https:\/\/panwinjet.com\/wp-content\/uploads\/2025\/09\/\u68ad\u9c7c\u55b7\u5934\u7206\u70b8\u56fe-1-800x560.jpg 800w\" data-sizes=\"(max-width:767px) 480px, (max-width:1000px) 100vw, 1000px\" src=\"data:image\/svg+xml;base64,PHN2ZyB3aWR0aD0iMSIgaGVpZ2h0PSIxIiB4bWxucz0iaHR0cDovL3d3dy53My5vcmcvMjAwMC9zdmciPjwvc3ZnPg==\" style=\"--smush-placeholder-width: 1000px; --smush-placeholder-aspect-ratio: 1000\/700;\" \/><br \/>\n<\/b><\/strong><\/p>\n<p>&nbsp;<\/p>\n<p>&nbsp;<\/p>\n<p>&nbsp;<\/p>\n<p>&nbsp;<\/p>\n<p><strong><b>Solicitud:<\/b><\/strong><\/p>\n<p>Nosotros, Panwin, le suministramos <strong><b>Boquillas rotativas Barracuda de 22\u00a0000 bar y 1500 bar, 2 boquillas de inserci\u00f3n<\/b><\/strong><strong><b>\u00a0<\/b><\/strong>con un precio razonable y se puede aplicar en <strong><b>Solicitud:<\/b><\/strong><\/p>\n<p>Piezas de repuesto para equipos de limpieza de bombas de \u00e9mbolo triplex UHP de 3000 bar para astilleros. Robot de preparaci\u00f3n de superficies para barras de pulverizaci\u00f3n Hammelmann.<\/p>\n<p>Chorro de agua a presi\u00f3n por agua para la industria del hierro, el acero y los metales<\/p>\n<p>Ingenier\u00eda mec\u00e1nica y de aparatos para hidrolavadoras de alta presi\u00f3n<\/p>\n<p>Industria del cemento y el hormig\u00f3n<\/p>\n<p>Limpieza de superficies con barracuda de alta presi\u00f3n<\/p>\n<p>Piezas para equipos de limpieza UHP Hydro Jet<\/p>\n<p>Barras pulverizadoras de limpieza industrial<\/p>","protected":false},"featured_media":1091,"template":"","meta":[],"product_brand":[],"product_cat":[5],"product_tag":[17],"class_list":{"0":"post-1087","1":"product","2":"type-product","3":"status-publish","4":"has-post-thumbnail","6":"product_cat-uhp-rotating-nozzles","7":"product_tag-1500bar-ship-surface-cleaining-tool","9":"first","10":"instock","11":"shipping-taxable","12":"product-type-simple"},"yoast_head":"<!-- This site is optimized with the Yoast SEO plugin v24.9 - https:\/\/yoast.com\/wordpress\/plugins\/seo\/ -->\n<title>22Kpis 1500Bar Barracuda Rotary Nozzles 2 Insert Nozzles - Panwin Machinery&amp;Equipment<\/title>\n<meta name=\"robots\" content=\"index, follow, max-snippet:-1, max-image-preview:large, max-video-preview:-1\" \/>\n<link rel=\"canonical\" href=\"https:\/\/panwinjet.com\/es\/producto\/22kpis-1500bar-barracuda-rotary-nozzles-2-insert-nozzles\/\" \/>\n<meta property=\"og:locale\" content=\"es_ES\" \/>\n<meta property=\"og:type\" content=\"article\" \/>\n<meta property=\"og:title\" content=\"22Kpis 1500Bar Barracuda Rotary Nozzles 2 Insert Nozzles - Panwin Machinery&amp;Equipment\" \/>\n<meta property=\"og:description\" content=\"Feature And Application of 22K 1500Bar Barracuda Rotary Nozzles 2 Insert Nozzles  This High Pressure Hydro Jet Blasting Self-Rotary Head Nozzles featured \u00a0high-versatility for controllable speed, and it is adaptable for wide range pressure.  And featured as follows:  1:No Compressed air need to make the rotary  2:Controllable pressure&amp;speed for versatile task  3:Easy for service and quick replacement  4:Light weight and high-efficiency  5.Compact and simple Structure make this 22K 1500Bar Barracuda Rotary Nozzles 2 Insert Nozzleseasy to service, it is the first choice for the Shipyard Cleaning for the urgent and time-saving Task.  As you can see the breakdown drawing.      &nbsp;  &nbsp;  &nbsp;  &nbsp;  Application:  We Panwin supply you the 22K 1500Bar Barracuda Rotary Nozzles 2 Insert Nozzles\u00a0with reasonable price, and it can be applied in Application:  UHP 3000Bar UHP triplex plunger pump cleaning equipment parts Shipyard Surface preparation Robot for \u00a0Hammelmann Spraying Bar  Hydro Jet blaster Iron, Steel And Metal Industry  high pressure waterblaster\u00a0Mechanical\u00a0and Apparatus Engineering  Cements and Concrete Industry  high pressure barracuda\u00a0Surface cleaning  UHP hydro Jet cleaning equipment parts  Industrial Cleaning Spray Bars\" \/>\n<meta property=\"og:url\" content=\"https:\/\/panwinjet.com\/es\/producto\/22kpis-1500bar-barracuda-rotary-nozzles-2-insert-nozzles\/\" \/>\n<meta property=\"og:site_name\" content=\"Panwin Machinery&amp;Equipment\" \/>\n<meta property=\"og:image\" content=\"https:\/\/panwinjet.com\/wp-content\/uploads\/2025\/09\/Air-Gun.jpg\" \/>\n\t<meta property=\"og:image:width\" content=\"1280\" \/>\n\t<meta property=\"og:image:height\" content=\"1706\" \/>\n\t<meta property=\"og:image:type\" content=\"image\/jpeg\" \/>\n<meta name=\"twitter:card\" content=\"summary_large_image\" \/>\n<meta name=\"twitter:label1\" content=\"Tiempo de lectura\" \/>\n\t<meta name=\"twitter:data1\" content=\"1 minuto\" \/>\n<script type=\"application\/ld+json\" class=\"yoast-schema-graph\">{\"@context\":\"https:\/\/schema.org\",\"@graph\":[{\"@type\":\"WebPage\",\"@id\":\"https:\/\/panwinjet.com\/product\/22kpis-1500bar-barracuda-rotary-nozzles-2-insert-nozzles\/\",\"url\":\"https:\/\/panwinjet.com\/product\/22kpis-1500bar-barracuda-rotary-nozzles-2-insert-nozzles\/\",\"name\":\"22Kpis 1500Bar Barracuda Rotary Nozzles 2 Insert Nozzles - Panwin Machinery&amp;Equipment\",\"isPartOf\":{\"@id\":\"https:\/\/panwinjet.com\/#website\"},\"primaryImageOfPage\":{\"@id\":\"https:\/\/panwinjet.com\/product\/22kpis-1500bar-barracuda-rotary-nozzles-2-insert-nozzles\/#primaryimage\"},\"image\":{\"@id\":\"https:\/\/panwinjet.com\/product\/22kpis-1500bar-barracuda-rotary-nozzles-2-insert-nozzles\/#primaryimage\"},\"thumbnailUrl\":\"https:\/\/panwinjet.com\/wp-content\/uploads\/2025\/09\/Air-Gun.jpg\",\"datePublished\":\"2025-09-20T07:03:29+00:00\",\"breadcrumb\":{\"@id\":\"https:\/\/panwinjet.com\/product\/22kpis-1500bar-barracuda-rotary-nozzles-2-insert-nozzles\/#breadcrumb\"},\"inLanguage\":\"es\",\"potentialAction\":[{\"@type\":\"ReadAction\",\"target\":[\"https:\/\/panwinjet.com\/product\/22kpis-1500bar-barracuda-rotary-nozzles-2-insert-nozzles\/\"]}]},{\"@type\":\"ImageObject\",\"inLanguage\":\"es\",\"@id\":\"https:\/\/panwinjet.com\/product\/22kpis-1500bar-barracuda-rotary-nozzles-2-insert-nozzles\/#primaryimage\",\"url\":\"https:\/\/panwinjet.com\/wp-content\/uploads\/2025\/09\/Air-Gun.jpg\",\"contentUrl\":\"https:\/\/panwinjet.com\/wp-content\/uploads\/2025\/09\/Air-Gun.jpg\",\"width\":1280,\"height\":1706},{\"@type\":\"BreadcrumbList\",\"@id\":\"https:\/\/panwinjet.com\/product\/22kpis-1500bar-barracuda-rotary-nozzles-2-insert-nozzles\/#breadcrumb\",\"itemListElement\":[{\"@type\":\"ListItem\",\"position\":1,\"name\":\"\u9996\u9875\",\"item\":\"https:\/\/panwinjet.com\/\"},{\"@type\":\"ListItem\",\"position\":2,\"name\":\"PRODUCT\",\"item\":\"https:\/\/panwinjet.com\/product\/\"},{\"@type\":\"ListItem\",\"position\":3,\"name\":\"22Kpis 1500Bar Barracuda Rotary Nozzles 2 Insert Nozzles\"}]},{\"@type\":\"WebSite\",\"@id\":\"https:\/\/panwinjet.com\/#website\",\"url\":\"https:\/\/panwinjet.com\/\",\"name\":\"Panwin Machinery&amp;Equipment\",\"description\":\"Shenzhen Panwin Machinery&amp;Equipment Co.Ltd\",\"potentialAction\":[{\"@type\":\"SearchAction\",\"target\":{\"@type\":\"EntryPoint\",\"urlTemplate\":\"https:\/\/panwinjet.com\/?s={search_term_string}\"},\"query-input\":{\"@type\":\"PropertyValueSpecification\",\"valueRequired\":true,\"valueName\":\"search_term_string\"}}],\"inLanguage\":\"es\"}]}<\/script>\n<!-- \/ Yoast SEO plugin. -->","yoast_head_json":{"title":"22Kpis 1500Bar Barracuda Rotary Nozzles 2 Insert Nozzles - Panwin Machinery&amp;Equipment","robots":{"index":"index","follow":"follow","max-snippet":"max-snippet:-1","max-image-preview":"max-image-preview:large","max-video-preview":"max-video-preview:-1"},"canonical":"https:\/\/panwinjet.com\/es\/producto\/22kpis-1500bar-barracuda-rotary-nozzles-2-insert-nozzles\/","og_locale":"es_ES","og_type":"article","og_title":"22Kpis 1500Bar Barracuda Rotary Nozzles 2 Insert Nozzles - Panwin Machinery&amp;Equipment","og_description":"Feature And Application of 22K 1500Bar Barracuda Rotary Nozzles 2 Insert Nozzles  This High Pressure Hydro Jet Blasting Self-Rotary Head Nozzles featured \u00a0high-versatility for controllable speed, and it is adaptable for wide range pressure.  And featured as follows:  1:No Compressed air need to make the rotary  2:Controllable pressure&amp;speed for versatile task  3:Easy for service and quick replacement  4:Light weight and high-efficiency  5.Compact and simple Structure make this 22K 1500Bar Barracuda Rotary Nozzles 2 Insert Nozzleseasy to service, it is the first choice for the Shipyard Cleaning for the urgent and time-saving Task.  As you can see the breakdown drawing.      &nbsp;  &nbsp;  &nbsp;  &nbsp;  Application:  We Panwin supply you the 22K 1500Bar Barracuda Rotary Nozzles 2 Insert Nozzles\u00a0with reasonable price, and it can be applied in Application:  UHP 3000Bar UHP triplex plunger pump cleaning equipment parts Shipyard Surface preparation Robot for \u00a0Hammelmann Spraying Bar  Hydro Jet blaster Iron, Steel And Metal Industry  high pressure waterblaster\u00a0Mechanical\u00a0and Apparatus Engineering  Cements and Concrete Industry  high pressure barracuda\u00a0Surface cleaning  UHP hydro Jet cleaning equipment parts  Industrial Cleaning Spray Bars","og_url":"https:\/\/panwinjet.com\/es\/producto\/22kpis-1500bar-barracuda-rotary-nozzles-2-insert-nozzles\/","og_site_name":"Panwin Machinery&amp;Equipment","og_image":[{"width":1280,"height":1706,"url":"https:\/\/panwinjet.com\/wp-content\/uploads\/2025\/09\/Air-Gun.jpg","type":"image\/jpeg"}],"twitter_card":"summary_large_image","twitter_misc":{"Tiempo de lectura":"1 minuto"},"schema":{"@context":"https:\/\/schema.org","@graph":[{"@type":"WebPage","@id":"https:\/\/panwinjet.com\/product\/22kpis-1500bar-barracuda-rotary-nozzles-2-insert-nozzles\/","url":"https:\/\/panwinjet.com\/product\/22kpis-1500bar-barracuda-rotary-nozzles-2-insert-nozzles\/","name":"22Kpis 1500Bar Barracuda Rotary Nozzles 2 Insert Nozzles - Panwin Machinery&amp;Equipment","isPartOf":{"@id":"https:\/\/panwinjet.com\/#website"},"primaryImageOfPage":{"@id":"https:\/\/panwinjet.com\/product\/22kpis-1500bar-barracuda-rotary-nozzles-2-insert-nozzles\/#primaryimage"},"image":{"@id":"https:\/\/panwinjet.com\/product\/22kpis-1500bar-barracuda-rotary-nozzles-2-insert-nozzles\/#primaryimage"},"thumbnailUrl":"https:\/\/panwinjet.com\/wp-content\/uploads\/2025\/09\/Air-Gun.jpg","datePublished":"2025-09-20T07:03:29+00:00","breadcrumb":{"@id":"https:\/\/panwinjet.com\/product\/22kpis-1500bar-barracuda-rotary-nozzles-2-insert-nozzles\/#breadcrumb"},"inLanguage":"es","potentialAction":[{"@type":"ReadAction","target":["https:\/\/panwinjet.com\/product\/22kpis-1500bar-barracuda-rotary-nozzles-2-insert-nozzles\/"]}]},{"@type":"ImageObject","inLanguage":"es","@id":"https:\/\/panwinjet.com\/product\/22kpis-1500bar-barracuda-rotary-nozzles-2-insert-nozzles\/#primaryimage","url":"https:\/\/panwinjet.com\/wp-content\/uploads\/2025\/09\/Air-Gun.jpg","contentUrl":"https:\/\/panwinjet.com\/wp-content\/uploads\/2025\/09\/Air-Gun.jpg","width":1280,"height":1706},{"@type":"BreadcrumbList","@id":"https:\/\/panwinjet.com\/product\/22kpis-1500bar-barracuda-rotary-nozzles-2-insert-nozzles\/#breadcrumb","itemListElement":[{"@type":"ListItem","position":1,"name":"\u9996\u9875","item":"https:\/\/panwinjet.com\/"},{"@type":"ListItem","position":2,"name":"PRODUCT","item":"https:\/\/panwinjet.com\/product\/"},{"@type":"ListItem","position":3,"name":"22Kpis 1500Bar Barracuda Rotary Nozzles 2 Insert Nozzles"}]},{"@type":"WebSite","@id":"https:\/\/panwinjet.com\/#website","url":"https:\/\/panwinjet.com\/","name":"Panwin Machinery&amp;Equipment","description":"Shenzhen Panwin Machinery&amp;Equipment Co.Ltd","potentialAction":[{"@type":"SearchAction","target":{"@type":"EntryPoint","urlTemplate":"https:\/\/panwinjet.com\/?s={search_term_string}"},"query-input":{"@type":"PropertyValueSpecification","valueRequired":true,"valueName":"search_term_string"}}],"inLanguage":"es"}]}},"_links":{"self":[{"href":"https:\/\/panwinjet.com\/es\/wp-json\/wp\/v2\/product\/1087","targetHints":{"allow":["GET"]}}],"collection":[{"href":"https:\/\/panwinjet.com\/es\/wp-json\/wp\/v2\/product"}],"about":[{"href":"https:\/\/panwinjet.com\/es\/wp-json\/wp\/v2\/types\/product"}],"wp:featuredmedia":[{"embeddable":true,"href":"https:\/\/panwinjet.com\/es\/wp-json\/wp\/v2\/media\/1091"}],"wp:attachment":[{"href":"https:\/\/panwinjet.com\/es\/wp-json\/wp\/v2\/media?parent=1087"}],"wp:term":[{"taxonomy":"product_brand","embeddable":true,"href":"https:\/\/panwinjet.com\/es\/wp-json\/wp\/v2\/product_brand?post=1087"},{"taxonomy":"product_cat","embeddable":true,"href":"https:\/\/panwinjet.com\/es\/wp-json\/wp\/v2\/product_cat?post=1087"},{"taxonomy":"product_tag","embeddable":true,"href":"https:\/\/panwinjet.com\/es\/wp-json\/wp\/v2\/product_tag?post=1087"}],"curies":[{"name":"wp","href":"https:\/\/api.w.org\/{rel}","templated":true}]}}