{"id":1078,"date":"2025-09-20T06:45:43","date_gmt":"2025-09-20T06:45:43","guid":{"rendered":"https:\/\/panwinjet.com\/?post_type=product&#038;p=1078"},"modified":"2025-09-20T06:45:43","modified_gmt":"2025-09-20T06:45:43","slug":"40000psi-hydro-water-blasting-surface-cleaning-bc-rotating-nozzles-head-2-hole4-hole","status":"publish","type":"product","link":"https:\/\/panwinjet.com\/es\/producto\/40000psi-hydro-water-blasting-surface-cleaning-bc-rotating-nozzles-head-2-hole4-hole\/","title":{"rendered":"Limpieza de superficies con chorro de agua a presi\u00f3n de 40000 psi. Cabezal con boquillas giratorias BC de 2 y 4 orificios."},"content":{"rendered":"<p><strong><b>Introducci\u00f3n de <\/b><\/strong><strong><b>Limpieza de superficies con chorro de agua a 40000 psi BC <\/b><\/strong><strong><b>Giratorio<\/b><\/strong><strong><b>\u00a0<\/b><\/strong><strong><b>Boquillas <\/b><\/strong><strong><b>Cabeza 2 Hoyos, 4<\/b><\/strong><strong><b>\u00a0<\/b><\/strong><strong><b>Agujero<\/b><\/strong><\/p>\n<p><strong><b>\u00a0<\/b><\/strong>Este cabezal de boquillas giratorias BC de 2 y 4 orificios para limpieza de superficies con chorro de agua a presi\u00f3n de 40000 psi est\u00e1 instalado en las boquillas giratorias BC, la presi\u00f3n nominal es de 2800 bar, es de dos boquillas y de cuatro boquillas con dise\u00f1o de protecci\u00f3n de pl\u00e1stico duro, es una boquilla eficiente y multifuncional para limpieza de superficies.<\/p>\n<p><strong><b>2. Par\u00e1metros del producto (especificaci\u00f3n) <\/b><\/strong><strong><b>Limpieza de superficies con chorro de agua a 40000 psi BC <\/b><\/strong><strong><b>Giratorio<\/b><\/strong><strong><b>\u00a0<\/b><\/strong><strong><b>Boquillas <\/b><\/strong><strong><b>Cabeza 2 Hoyos, 4<\/b><\/strong><strong><b>\u00a0<\/b><\/strong><strong><b>Agujero<\/b><\/strong><\/p>\n<p>Nuestras boquillas giratorias BC de 40000 psi para limpieza de superficies con chorro de agua a presi\u00f3n, cabezal de 2 orificios y 4 orificios aptos para boquillas autorrotativa BC, presi\u00f3n m\u00e1xima de 2800 bar y velocidad racional m\u00e1xima de hasta 3000 rpm, potente capacidad de limpieza con rendimiento estable, herramienta afilada para limpieza de superficies.<\/p>","protected":false},"excerpt":{"rendered":"<p><strong><b>Caracter\u00edsticas y aplicaciones de <\/b><\/strong><strong><b>Limpieza de superficies con chorro de agua a 40000 psi BC <\/b><\/strong><strong><b>Giratorio<\/b><\/strong><strong><b>\u00a0<\/b><\/strong><strong><b>Boquillas <\/b><\/strong><strong><b>Cabeza 2 Hoyos, 4<\/b><\/strong><strong><b>\u00a0<\/b><\/strong><strong><b>Agujero<\/b><\/strong><\/p>\n<p>El cabezal de boquillas giratorias BC de 2 y 4 orificios para limpieza de superficies con chorro de agua a presi\u00f3n de 40000 psi tiene funci\u00f3n de control de velocidad, caracter\u00edsticas de f\u00e1cil servicio, es f\u00e1cil cambiar el cabezal con poco tiempo de servicio, es adaptable con diferentes pistolas de pulverizaci\u00f3n.<\/p>\n<p>&nbsp;<\/p>\n<p><strong><b>Solicitud:<\/b><\/strong><img decoding=\"async\" class=\"aligncenter size-full wp-image-1086 lazyload\" data-src=\"https:\/\/panwinjet.com\/wp-content\/uploads\/2025\/09\/What-is-Water-Blasting.png\" alt=\"\" width=\"1256\" height=\"705\" data-srcset=\"https:\/\/panwinjet.com\/wp-content\/uploads\/2025\/09\/What-is-Water-Blasting.png 1256w, https:\/\/panwinjet.com\/wp-content\/uploads\/2025\/09\/What-is-Water-Blasting-500x281.png 500w, https:\/\/panwinjet.com\/wp-content\/uploads\/2025\/09\/What-is-Water-Blasting-1200x674.png 1200w, https:\/\/panwinjet.com\/wp-content\/uploads\/2025\/09\/What-is-Water-Blasting-300x168.png 300w, https:\/\/panwinjet.com\/wp-content\/uploads\/2025\/09\/What-is-Water-Blasting-768x431.png 768w, https:\/\/panwinjet.com\/wp-content\/uploads\/2025\/09\/What-is-Water-Blasting-134x75.png 134w, https:\/\/panwinjet.com\/wp-content\/uploads\/2025\/09\/What-is-Water-Blasting-480x269.png 480w, https:\/\/panwinjet.com\/wp-content\/uploads\/2025\/09\/What-is-Water-Blasting-800x449.png 800w\" data-sizes=\"(max-width:767px) 480px, (max-width:1256px) 100vw, 1256px\" src=\"data:image\/svg+xml;base64,PHN2ZyB3aWR0aD0iMSIgaGVpZ2h0PSIxIiB4bWxucz0iaHR0cDovL3d3dy53My5vcmcvMjAwMC9zdmciPjwvc3ZnPg==\" style=\"--smush-placeholder-width: 1256px; --smush-placeholder-aspect-ratio: 1256\/705;\" \/>Chorro de agua a presi\u00f3n por agua para la industria del hierro, el acero y los metales<\/p>\n<p>Ingenier\u00eda mec\u00e1nica y de aparatos para hidrolavadoras de alta presi\u00f3n<\/p>\n<p>Industria del cemento y el hormig\u00f3n<\/p>\n<p>Limpieza de superficies con barracuda de alta presi\u00f3n<\/p>\n<p>Piezas para equipos de limpieza UHP Hydro Jet<\/p>\n<p>Barras pulverizadoras de limpieza industrial<\/p>\n<p>M\u00e1quina de hidrolavado para la industria de refinaci\u00f3n de petr\u00f3leo<\/p>\n<p>Limpieza de superficies con chorro de agua a presi\u00f3n, limpieza de tanques y recipientes.<\/p>\n<p>Limpieza del intercambiador de calor,<\/p>\n<p>Limpieza de pintura de autom\u00f3viles, limpieza de la industria minera, limpieza de f\u00e1bricas de acero, etc.<\/p>\n<p>Equipos de limpieza de alcantarillado de alta presi\u00f3n para redes de tuber\u00edas municipales de suministro de agua y drenaje;<\/p>","protected":false},"featured_media":1083,"template":"","meta":[],"product_brand":[],"product_cat":[5],"product_tag":[16],"class_list":{"0":"post-1078","1":"product","2":"type-product","3":"status-publish","4":"has-post-thumbnail","6":"product_cat-uhp-rotating-nozzles","7":"product_tag-2800bar-surface-cleaning-rotary-nozzle","9":"first","10":"instock","11":"shipping-taxable","12":"product-type-simple"},"yoast_head":"<!-- This site is optimized with the Yoast SEO plugin v24.9 - https:\/\/yoast.com\/wordpress\/plugins\/seo\/ -->\n<title>40000psi Hydro Water blasting Surface cleaning BC Rotating Nozzles Head 2 Hole,4 Hole - Panwin Machinery&amp;Equipment<\/title>\n<meta name=\"robots\" content=\"index, follow, max-snippet:-1, max-image-preview:large, max-video-preview:-1\" \/>\n<link rel=\"canonical\" href=\"https:\/\/panwinjet.com\/es\/producto\/40000psi-hydro-water-blasting-surface-cleaning-bc-rotating-nozzles-head-2-hole4-hole\/\" \/>\n<meta property=\"og:locale\" content=\"es_ES\" \/>\n<meta property=\"og:type\" content=\"article\" \/>\n<meta property=\"og:title\" content=\"40000psi Hydro Water blasting Surface cleaning BC Rotating Nozzles Head 2 Hole,4 Hole - Panwin Machinery&amp;Equipment\" \/>\n<meta property=\"og:description\" content=\"Feature And Application of 40000psi Hydro Water blasting Surface cleaning BC Rotating\u00a0Nozzles Head 2 Hole,4\u00a0Hole  The 40000psi Hydro Water blasting Surface cleaning BC Rotating\u00a0Nozzles Head 2 Hole,4\u00a0Hole\u00a0is With Speed controllable function, easy service features, it is easy to change the head with little service time,it is adaptable with different spraying gun.  &nbsp;  Application:Hydro Jet blaster Iron, Steel And Metal Industry  high pressure waterblaster\u00a0Mechanical\u00a0and Apparatus Engineering  Cements and Concrete Industry  high pressure barracuda\u00a0Surface cleaning  UHP hydro Jet cleaning equipment parts  Industrial Cleaning Spray Bars  hydro blasting machine\u00a0for petroleum refining industry  Hydro Jet Surface Cleaning,Tank&amp;Vessel Cleaning,  Heat Exchange Cleaning,  Automotive Painting cleaning Mining industry cleaning Steel manufacture cleaning etc.  High pressure sewer cleaning equipment\u00a0for municipal pipe networks\u00a0water supply and drainage pipelines;\" \/>\n<meta property=\"og:url\" content=\"https:\/\/panwinjet.com\/es\/producto\/40000psi-hydro-water-blasting-surface-cleaning-bc-rotating-nozzles-head-2-hole4-hole\/\" \/>\n<meta property=\"og:site_name\" content=\"Panwin Machinery&amp;Equipment\" \/>\n<meta property=\"og:image\" content=\"https:\/\/panwinjet.com\/wp-content\/uploads\/2025\/09\/IMG_20230424_163050-scaled.jpg\" \/>\n\t<meta property=\"og:image:width\" content=\"2560\" \/>\n\t<meta property=\"og:image:height\" content=\"1920\" \/>\n\t<meta property=\"og:image:type\" content=\"image\/jpeg\" \/>\n<meta name=\"twitter:card\" content=\"summary_large_image\" \/>\n<meta name=\"twitter:label1\" content=\"Tiempo de lectura\" \/>\n\t<meta name=\"twitter:data1\" content=\"1 minuto\" \/>\n<script type=\"application\/ld+json\" class=\"yoast-schema-graph\">{\"@context\":\"https:\/\/schema.org\",\"@graph\":[{\"@type\":\"WebPage\",\"@id\":\"https:\/\/panwinjet.com\/product\/40000psi-hydro-water-blasting-surface-cleaning-bc-rotating-nozzles-head-2-hole4-hole\/\",\"url\":\"https:\/\/panwinjet.com\/product\/40000psi-hydro-water-blasting-surface-cleaning-bc-rotating-nozzles-head-2-hole4-hole\/\",\"name\":\"40000psi Hydro Water blasting Surface cleaning BC Rotating Nozzles Head 2 Hole,4 Hole - Panwin Machinery&amp;Equipment\",\"isPartOf\":{\"@id\":\"https:\/\/panwinjet.com\/#website\"},\"primaryImageOfPage\":{\"@id\":\"https:\/\/panwinjet.com\/product\/40000psi-hydro-water-blasting-surface-cleaning-bc-rotating-nozzles-head-2-hole4-hole\/#primaryimage\"},\"image\":{\"@id\":\"https:\/\/panwinjet.com\/product\/40000psi-hydro-water-blasting-surface-cleaning-bc-rotating-nozzles-head-2-hole4-hole\/#primaryimage\"},\"thumbnailUrl\":\"https:\/\/panwinjet.com\/wp-content\/uploads\/2025\/09\/IMG_20230424_163050-scaled.jpg\",\"datePublished\":\"2025-09-20T06:45:43+00:00\",\"breadcrumb\":{\"@id\":\"https:\/\/panwinjet.com\/product\/40000psi-hydro-water-blasting-surface-cleaning-bc-rotating-nozzles-head-2-hole4-hole\/#breadcrumb\"},\"inLanguage\":\"es\",\"potentialAction\":[{\"@type\":\"ReadAction\",\"target\":[\"https:\/\/panwinjet.com\/product\/40000psi-hydro-water-blasting-surface-cleaning-bc-rotating-nozzles-head-2-hole4-hole\/\"]}]},{\"@type\":\"ImageObject\",\"inLanguage\":\"es\",\"@id\":\"https:\/\/panwinjet.com\/product\/40000psi-hydro-water-blasting-surface-cleaning-bc-rotating-nozzles-head-2-hole4-hole\/#primaryimage\",\"url\":\"https:\/\/panwinjet.com\/wp-content\/uploads\/2025\/09\/IMG_20230424_163050-scaled.jpg\",\"contentUrl\":\"https:\/\/panwinjet.com\/wp-content\/uploads\/2025\/09\/IMG_20230424_163050-scaled.jpg\",\"width\":2560,\"height\":1920},{\"@type\":\"BreadcrumbList\",\"@id\":\"https:\/\/panwinjet.com\/product\/40000psi-hydro-water-blasting-surface-cleaning-bc-rotating-nozzles-head-2-hole4-hole\/#breadcrumb\",\"itemListElement\":[{\"@type\":\"ListItem\",\"position\":1,\"name\":\"\u9996\u9875\",\"item\":\"https:\/\/panwinjet.com\/\"},{\"@type\":\"ListItem\",\"position\":2,\"name\":\"PRODUCT\",\"item\":\"https:\/\/panwinjet.com\/product\/\"},{\"@type\":\"ListItem\",\"position\":3,\"name\":\"40000psi Hydro Water blasting Surface cleaning BC Rotating Nozzles Head 2 Hole,4 Hole\"}]},{\"@type\":\"WebSite\",\"@id\":\"https:\/\/panwinjet.com\/#website\",\"url\":\"https:\/\/panwinjet.com\/\",\"name\":\"Panwin Machinery&amp;Equipment\",\"description\":\"Shenzhen Panwin Machinery&amp;Equipment Co.Ltd\",\"potentialAction\":[{\"@type\":\"SearchAction\",\"target\":{\"@type\":\"EntryPoint\",\"urlTemplate\":\"https:\/\/panwinjet.com\/?s={search_term_string}\"},\"query-input\":{\"@type\":\"PropertyValueSpecification\",\"valueRequired\":true,\"valueName\":\"search_term_string\"}}],\"inLanguage\":\"es\"}]}<\/script>\n<!-- \/ Yoast SEO plugin. -->","yoast_head_json":{"title":"40000psi Hydro Water blasting Surface cleaning BC Rotating Nozzles Head 2 Hole,4 Hole - Panwin Machinery&amp;Equipment","robots":{"index":"index","follow":"follow","max-snippet":"max-snippet:-1","max-image-preview":"max-image-preview:large","max-video-preview":"max-video-preview:-1"},"canonical":"https:\/\/panwinjet.com\/es\/producto\/40000psi-hydro-water-blasting-surface-cleaning-bc-rotating-nozzles-head-2-hole4-hole\/","og_locale":"es_ES","og_type":"article","og_title":"40000psi Hydro Water blasting Surface cleaning BC Rotating Nozzles Head 2 Hole,4 Hole - Panwin Machinery&amp;Equipment","og_description":"Feature And Application of 40000psi Hydro Water blasting Surface cleaning BC Rotating\u00a0Nozzles Head 2 Hole,4\u00a0Hole  The 40000psi Hydro Water blasting Surface cleaning BC Rotating\u00a0Nozzles Head 2 Hole,4\u00a0Hole\u00a0is With Speed controllable function, easy service features, it is easy to change the head with little service time,it is adaptable with different spraying gun.  &nbsp;  Application:Hydro Jet blaster Iron, Steel And Metal Industry  high pressure waterblaster\u00a0Mechanical\u00a0and Apparatus Engineering  Cements and Concrete Industry  high pressure barracuda\u00a0Surface cleaning  UHP hydro Jet cleaning equipment parts  Industrial Cleaning Spray Bars  hydro blasting machine\u00a0for petroleum refining industry  Hydro Jet Surface Cleaning,Tank&amp;Vessel Cleaning,  Heat Exchange Cleaning,  Automotive Painting cleaning Mining industry cleaning Steel manufacture cleaning etc.  High pressure sewer cleaning equipment\u00a0for municipal pipe networks\u00a0water supply and drainage pipelines;","og_url":"https:\/\/panwinjet.com\/es\/producto\/40000psi-hydro-water-blasting-surface-cleaning-bc-rotating-nozzles-head-2-hole4-hole\/","og_site_name":"Panwin Machinery&amp;Equipment","og_image":[{"width":2560,"height":1920,"url":"https:\/\/panwinjet.com\/wp-content\/uploads\/2025\/09\/IMG_20230424_163050-scaled.jpg","type":"image\/jpeg"}],"twitter_card":"summary_large_image","twitter_misc":{"Tiempo de lectura":"1 minuto"},"schema":{"@context":"https:\/\/schema.org","@graph":[{"@type":"WebPage","@id":"https:\/\/panwinjet.com\/product\/40000psi-hydro-water-blasting-surface-cleaning-bc-rotating-nozzles-head-2-hole4-hole\/","url":"https:\/\/panwinjet.com\/product\/40000psi-hydro-water-blasting-surface-cleaning-bc-rotating-nozzles-head-2-hole4-hole\/","name":"40000psi Hydro Water blasting Surface cleaning BC Rotating Nozzles Head 2 Hole,4 Hole - Panwin Machinery&amp;Equipment","isPartOf":{"@id":"https:\/\/panwinjet.com\/#website"},"primaryImageOfPage":{"@id":"https:\/\/panwinjet.com\/product\/40000psi-hydro-water-blasting-surface-cleaning-bc-rotating-nozzles-head-2-hole4-hole\/#primaryimage"},"image":{"@id":"https:\/\/panwinjet.com\/product\/40000psi-hydro-water-blasting-surface-cleaning-bc-rotating-nozzles-head-2-hole4-hole\/#primaryimage"},"thumbnailUrl":"https:\/\/panwinjet.com\/wp-content\/uploads\/2025\/09\/IMG_20230424_163050-scaled.jpg","datePublished":"2025-09-20T06:45:43+00:00","breadcrumb":{"@id":"https:\/\/panwinjet.com\/product\/40000psi-hydro-water-blasting-surface-cleaning-bc-rotating-nozzles-head-2-hole4-hole\/#breadcrumb"},"inLanguage":"es","potentialAction":[{"@type":"ReadAction","target":["https:\/\/panwinjet.com\/product\/40000psi-hydro-water-blasting-surface-cleaning-bc-rotating-nozzles-head-2-hole4-hole\/"]}]},{"@type":"ImageObject","inLanguage":"es","@id":"https:\/\/panwinjet.com\/product\/40000psi-hydro-water-blasting-surface-cleaning-bc-rotating-nozzles-head-2-hole4-hole\/#primaryimage","url":"https:\/\/panwinjet.com\/wp-content\/uploads\/2025\/09\/IMG_20230424_163050-scaled.jpg","contentUrl":"https:\/\/panwinjet.com\/wp-content\/uploads\/2025\/09\/IMG_20230424_163050-scaled.jpg","width":2560,"height":1920},{"@type":"BreadcrumbList","@id":"https:\/\/panwinjet.com\/product\/40000psi-hydro-water-blasting-surface-cleaning-bc-rotating-nozzles-head-2-hole4-hole\/#breadcrumb","itemListElement":[{"@type":"ListItem","position":1,"name":"\u9996\u9875","item":"https:\/\/panwinjet.com\/"},{"@type":"ListItem","position":2,"name":"PRODUCT","item":"https:\/\/panwinjet.com\/product\/"},{"@type":"ListItem","position":3,"name":"40000psi Hydro Water blasting Surface cleaning BC Rotating Nozzles Head 2 Hole,4 Hole"}]},{"@type":"WebSite","@id":"https:\/\/panwinjet.com\/#website","url":"https:\/\/panwinjet.com\/","name":"Panwin Machinery&amp;Equipment","description":"Shenzhen Panwin Machinery&amp;Equipment Co.Ltd","potentialAction":[{"@type":"SearchAction","target":{"@type":"EntryPoint","urlTemplate":"https:\/\/panwinjet.com\/?s={search_term_string}"},"query-input":{"@type":"PropertyValueSpecification","valueRequired":true,"valueName":"search_term_string"}}],"inLanguage":"es"}]}},"_links":{"self":[{"href":"https:\/\/panwinjet.com\/es\/wp-json\/wp\/v2\/product\/1078","targetHints":{"allow":["GET"]}}],"collection":[{"href":"https:\/\/panwinjet.com\/es\/wp-json\/wp\/v2\/product"}],"about":[{"href":"https:\/\/panwinjet.com\/es\/wp-json\/wp\/v2\/types\/product"}],"wp:featuredmedia":[{"embeddable":true,"href":"https:\/\/panwinjet.com\/es\/wp-json\/wp\/v2\/media\/1083"}],"wp:attachment":[{"href":"https:\/\/panwinjet.com\/es\/wp-json\/wp\/v2\/media?parent=1078"}],"wp:term":[{"taxonomy":"product_brand","embeddable":true,"href":"https:\/\/panwinjet.com\/es\/wp-json\/wp\/v2\/product_brand?post=1078"},{"taxonomy":"product_cat","embeddable":true,"href":"https:\/\/panwinjet.com\/es\/wp-json\/wp\/v2\/product_cat?post=1078"},{"taxonomy":"product_tag","embeddable":true,"href":"https:\/\/panwinjet.com\/es\/wp-json\/wp\/v2\/product_tag?post=1078"}],"curies":[{"name":"wp","href":"https:\/\/api.w.org\/{rel}","templated":true}]}}