{"id":1067,"date":"2025-09-20T03:22:38","date_gmt":"2025-09-20T03:22:38","guid":{"rendered":"https:\/\/panwinjet.com\/?post_type=product&#038;p=1067"},"modified":"2025-09-20T03:22:38","modified_gmt":"2025-09-20T03:22:38","slug":"3000bar-uhp-triplex-plunger-pump-cleaning-equipment-parts-shipyard-surface-preparaption-rotor-robot-for-hammelmann-spraying-bar","status":"publish","type":"product","link":"https:\/\/panwinjet.com\/es\/producto\/3000bar-uhp-triplex-plunger-pump-cleaning-equipment-parts-shipyard-surface-preparaption-rotor-robot-for-hammelmann-spraying-bar\/","title":{"rendered":"Piezas de repuesto para equipos de limpieza de bombas de \u00e9mbolo triplex UHP de 3000 bar. Robot de rotor para preparaci\u00f3n de superficies de astilleros para barra de pulverizaci\u00f3n Hammelmann."},"content":{"rendered":"<p><strong><b>Introducci\u00f3n de <\/b><\/strong><strong><b>Piezas de repuesto para equipos de limpieza de bombas de \u00e9mbolo triplex UHP de 3000 bar. Robot de preparaci\u00f3n de superficies para astilleros con barra de pulverizaci\u00f3n Hammelmann.<\/b><\/strong><\/p>\n<p><b style=\"font-weight: bold;\">La bomba de \u00e9mbolo triplex UHP de 3000 bar, piezas para equipos de limpieza, el robot de preparaci\u00f3n de superficies de astilleros para la barra de pulverizaci\u00f3n Hammelmann, es para el robot de limpieza de superficies del casco del barco, es completamente reemplazable por la barra de pulverizaci\u00f3n Hammelmann, y para los modelos Spider-Jetting, tenemos las piezas completas para obtener la mejor distancia objetivo y un efecto de limpieza de alta eficiencia.<\/b><\/p>\n<p>&nbsp;<\/p>\n<p>&nbsp;<\/p>\n<p><strong><b>Solicitud:<\/b><\/strong><\/p>\n<p>Piezas de repuesto para equipos de limpieza de bombas de \u00e9mbolo triplex UHP de 3000 bar para astilleros. Robot de preparaci\u00f3n de superficies para barras de pulverizaci\u00f3n Hammelmann.<\/p>\n<p>Chorro de agua a presi\u00f3n por agua para la industria del hierro, el acero y los metales<\/p>\n<p>Ingenier\u00eda mec\u00e1nica y de aparatos para hidrolavadoras de alta presi\u00f3n<\/p>\n<p>Industria del cemento y el hormig\u00f3n<\/p>\n<p>Limpieza de superficies con barracuda de alta presi\u00f3n<\/p>\n<p>Piezas para equipos de limpieza UHP Hydro Jet<\/p>\n<p>Barras pulverizadoras de limpieza industrial<\/p>\n<p>M\u00e1quina de hidrolavado para la industria de refinaci\u00f3n de petr\u00f3leo<\/p>\n<p>Limpieza de superficies con chorro de agua a presi\u00f3n, limpieza de tanques y recipientes.<\/p>\n<p>Limpieza del intercambiador de calor,<\/p>\n<p>Limpieza de pintura de autom\u00f3viles, limpieza de la industria minera, limpieza de f\u00e1bricas de acero, etc.<\/p>\n<p>Equipos de limpieza de alcantarillado de alta presi\u00f3n para redes de tuber\u00edas municipales de suministro de agua y drenaje;<\/p>","protected":false},"excerpt":{"rendered":"<p><strong><b>Par\u00e1metros del producto (especificaciones) de las piezas del equipo de limpieza de la bomba de \u00e9mbolo triplex UHP de 3000 bar. Robot de preparaci\u00f3n de superficies para astilleros para la barra de pulverizaci\u00f3n Hammelmann.<\/b><\/strong><\/p>\n<p><strong><b>Este robot de preparaci\u00f3n de superficies para astilleros, compatible con la barra pulverizadora Hammelmann, utiliza una bomba de \u00e9mbolo triplex UHP de 3000 bar y piezas para limpieza. Se ubica detr\u00e1s de la herramienta de agua y siempre opera sobre una superficie reci\u00e9n preparada, lo que garantiza un agarre \u00f3ptimo, incluso en superficies resbaladizas. La gu\u00eda precisa de la herramienta de agua y la distribuci\u00f3n ideal de energ\u00eda aseguran una cobertura de \u00e1rea enorme.<\/b><\/strong><\/p>\n<p><strong><b>Y los detalles del par\u00e1metro son los siguientes:<\/b><\/strong><\/p>\n<div style=\"width: 736px;\" class=\"wp-video\"><video class=\"wp-video-shortcode\" id=\"video-1067-1\" width=\"736\" height=\"1280\" preload=\"metadata\" controls=\"controls\"><source type=\"video\/mp4\" src=\"https:\/\/panwinjet.com\/wp-content\/uploads\/2025\/09\/For-Hammelmann-Rotojet-Aquablast-Spray-Bar.mp4?_=1\" \/><a href=\"https:\/\/panwinjet.com\/wp-content\/uploads\/2025\/09\/For-Hammelmann-Rotojet-Aquablast-Spray-Bar.mp4\">https:\/\/panwinjet.com\/wp-content\/uploads\/2025\/09\/For-Hammelmann-Rotojet-Aquablast-Spray-Bar.mp4<\/a><\/video><\/div>","protected":false},"featured_media":-1,"template":"","meta":[],"product_brand":[],"product_cat":[11],"product_tag":[],"class_list":{"0":"post-1067","1":"product","2":"type-product","3":"status-publish","4":"has-post-thumbnail","6":"product_cat-ship-cleaning-device","8":"first","9":"instock","10":"shipping-taxable","11":"product-type-simple"},"yoast_head":"<!-- This site is optimized with the Yoast SEO plugin v24.9 - https:\/\/yoast.com\/wordpress\/plugins\/seo\/ -->\n<title>3000Bar UHP triplex plunger pump cleaning equipment parts Shipyard Surface preparaption Rotor Robot for Hammelmann Spraying Bar - Panwin Machinery&amp;Equipment<\/title>\n<meta name=\"robots\" content=\"index, follow, max-snippet:-1, max-image-preview:large, max-video-preview:-1\" \/>\n<link rel=\"canonical\" href=\"https:\/\/panwinjet.com\/es\/producto\/3000bar-uhp-triplex-plunger-pump-cleaning-equipment-parts-shipyard-surface-preparaption-rotor-robot-for-hammelmann-spraying-bar\/\" \/>\n<meta property=\"og:locale\" content=\"es_ES\" \/>\n<meta property=\"og:type\" content=\"article\" \/>\n<meta property=\"og:title\" content=\"3000Bar UHP triplex plunger pump cleaning equipment parts Shipyard Surface preparaption Rotor Robot for Hammelmann Spraying Bar - Panwin Machinery&amp;Equipment\" \/>\n<meta property=\"og:description\" content=\"Product Parameter (Specification) of 3000Bar UHP triplex plunger pump cleaning equipment parts Shipyard Surface preparaption Robot for \u00a0Hammelmann Spraying Bar  This 3000Bar UHP triplex plunger pump cleaning equipment parts Shipyard Surface preparaption Robot for \u00a0Hammelmann Spraying Bar is are located behind the water tool and are always on a freshly prepared surface - perfect conditions for a good grip, even on slippery surfaces. The precise guidance of the water tool and ideal energy distribution ensure enormous area coverage  And the details parameter as follows:\" \/>\n<meta property=\"og:url\" content=\"https:\/\/panwinjet.com\/es\/producto\/3000bar-uhp-triplex-plunger-pump-cleaning-equipment-parts-shipyard-surface-preparaption-rotor-robot-for-hammelmann-spraying-bar\/\" \/>\n<meta property=\"og:site_name\" content=\"Panwin Machinery&amp;Equipment\" \/>\n<meta name=\"twitter:card\" content=\"summary_large_image\" \/>\n<meta name=\"twitter:label1\" content=\"Tiempo de lectura\" \/>\n\t<meta name=\"twitter:data1\" content=\"1 minuto\" \/>\n<script type=\"application\/ld+json\" class=\"yoast-schema-graph\">{\"@context\":\"https:\/\/schema.org\",\"@graph\":[{\"@type\":\"WebPage\",\"@id\":\"https:\/\/panwinjet.com\/product\/3000bar-uhp-triplex-plunger-pump-cleaning-equipment-parts-shipyard-surface-preparaption-rotor-robot-for-hammelmann-spraying-bar\/\",\"url\":\"https:\/\/panwinjet.com\/product\/3000bar-uhp-triplex-plunger-pump-cleaning-equipment-parts-shipyard-surface-preparaption-rotor-robot-for-hammelmann-spraying-bar\/\",\"name\":\"3000Bar UHP triplex plunger pump cleaning equipment parts Shipyard Surface preparaption Rotor Robot for Hammelmann Spraying Bar - Panwin Machinery&amp;Equipment\",\"isPartOf\":{\"@id\":\"https:\/\/panwinjet.com\/#website\"},\"datePublished\":\"2025-09-20T03:22:38+00:00\",\"breadcrumb\":{\"@id\":\"https:\/\/panwinjet.com\/product\/3000bar-uhp-triplex-plunger-pump-cleaning-equipment-parts-shipyard-surface-preparaption-rotor-robot-for-hammelmann-spraying-bar\/#breadcrumb\"},\"inLanguage\":\"es\",\"potentialAction\":[{\"@type\":\"ReadAction\",\"target\":[\"https:\/\/panwinjet.com\/product\/3000bar-uhp-triplex-plunger-pump-cleaning-equipment-parts-shipyard-surface-preparaption-rotor-robot-for-hammelmann-spraying-bar\/\"]}]},{\"@type\":\"BreadcrumbList\",\"@id\":\"https:\/\/panwinjet.com\/product\/3000bar-uhp-triplex-plunger-pump-cleaning-equipment-parts-shipyard-surface-preparaption-rotor-robot-for-hammelmann-spraying-bar\/#breadcrumb\",\"itemListElement\":[{\"@type\":\"ListItem\",\"position\":1,\"name\":\"\u9996\u9875\",\"item\":\"https:\/\/panwinjet.com\/\"},{\"@type\":\"ListItem\",\"position\":2,\"name\":\"PRODUCT\",\"item\":\"https:\/\/panwinjet.com\/product\/\"},{\"@type\":\"ListItem\",\"position\":3,\"name\":\"3000Bar UHP triplex plunger pump cleaning equipment parts Shipyard Surface preparaption Rotor Robot for Hammelmann Spraying Bar\"}]},{\"@type\":\"WebSite\",\"@id\":\"https:\/\/panwinjet.com\/#website\",\"url\":\"https:\/\/panwinjet.com\/\",\"name\":\"Panwin Machinery&amp;Equipment\",\"description\":\"Shenzhen Panwin Machinery&amp;Equipment Co.Ltd\",\"potentialAction\":[{\"@type\":\"SearchAction\",\"target\":{\"@type\":\"EntryPoint\",\"urlTemplate\":\"https:\/\/panwinjet.com\/?s={search_term_string}\"},\"query-input\":{\"@type\":\"PropertyValueSpecification\",\"valueRequired\":true,\"valueName\":\"search_term_string\"}}],\"inLanguage\":\"es\"}]}<\/script>\n<!-- \/ Yoast SEO plugin. -->","yoast_head_json":{"title":"3000Bar UHP triplex plunger pump cleaning equipment parts Shipyard Surface preparaption Rotor Robot for Hammelmann Spraying Bar - Panwin Machinery&amp;Equipment","robots":{"index":"index","follow":"follow","max-snippet":"max-snippet:-1","max-image-preview":"max-image-preview:large","max-video-preview":"max-video-preview:-1"},"canonical":"https:\/\/panwinjet.com\/es\/producto\/3000bar-uhp-triplex-plunger-pump-cleaning-equipment-parts-shipyard-surface-preparaption-rotor-robot-for-hammelmann-spraying-bar\/","og_locale":"es_ES","og_type":"article","og_title":"3000Bar UHP triplex plunger pump cleaning equipment parts Shipyard Surface preparaption Rotor Robot for Hammelmann Spraying Bar - Panwin Machinery&amp;Equipment","og_description":"Product Parameter (Specification) of 3000Bar UHP triplex plunger pump cleaning equipment parts Shipyard Surface preparaption Robot for \u00a0Hammelmann Spraying Bar  This 3000Bar UHP triplex plunger pump cleaning equipment parts Shipyard Surface preparaption Robot for \u00a0Hammelmann Spraying Bar is are located behind the water tool and are always on a freshly prepared surface - perfect conditions for a good grip, even on slippery surfaces. The precise guidance of the water tool and ideal energy distribution ensure enormous area coverage  And the details parameter as follows:","og_url":"https:\/\/panwinjet.com\/es\/producto\/3000bar-uhp-triplex-plunger-pump-cleaning-equipment-parts-shipyard-surface-preparaption-rotor-robot-for-hammelmann-spraying-bar\/","og_site_name":"Panwin Machinery&amp;Equipment","twitter_card":"summary_large_image","twitter_misc":{"Tiempo de lectura":"1 minuto"},"schema":{"@context":"https:\/\/schema.org","@graph":[{"@type":"WebPage","@id":"https:\/\/panwinjet.com\/product\/3000bar-uhp-triplex-plunger-pump-cleaning-equipment-parts-shipyard-surface-preparaption-rotor-robot-for-hammelmann-spraying-bar\/","url":"https:\/\/panwinjet.com\/product\/3000bar-uhp-triplex-plunger-pump-cleaning-equipment-parts-shipyard-surface-preparaption-rotor-robot-for-hammelmann-spraying-bar\/","name":"3000Bar UHP triplex plunger pump cleaning equipment parts Shipyard Surface preparaption Rotor Robot for Hammelmann Spraying Bar - Panwin Machinery&amp;Equipment","isPartOf":{"@id":"https:\/\/panwinjet.com\/#website"},"datePublished":"2025-09-20T03:22:38+00:00","breadcrumb":{"@id":"https:\/\/panwinjet.com\/product\/3000bar-uhp-triplex-plunger-pump-cleaning-equipment-parts-shipyard-surface-preparaption-rotor-robot-for-hammelmann-spraying-bar\/#breadcrumb"},"inLanguage":"es","potentialAction":[{"@type":"ReadAction","target":["https:\/\/panwinjet.com\/product\/3000bar-uhp-triplex-plunger-pump-cleaning-equipment-parts-shipyard-surface-preparaption-rotor-robot-for-hammelmann-spraying-bar\/"]}]},{"@type":"BreadcrumbList","@id":"https:\/\/panwinjet.com\/product\/3000bar-uhp-triplex-plunger-pump-cleaning-equipment-parts-shipyard-surface-preparaption-rotor-robot-for-hammelmann-spraying-bar\/#breadcrumb","itemListElement":[{"@type":"ListItem","position":1,"name":"\u9996\u9875","item":"https:\/\/panwinjet.com\/"},{"@type":"ListItem","position":2,"name":"PRODUCT","item":"https:\/\/panwinjet.com\/product\/"},{"@type":"ListItem","position":3,"name":"3000Bar UHP triplex plunger pump cleaning equipment parts Shipyard Surface preparaption Rotor Robot for Hammelmann Spraying Bar"}]},{"@type":"WebSite","@id":"https:\/\/panwinjet.com\/#website","url":"https:\/\/panwinjet.com\/","name":"Panwin Machinery&amp;Equipment","description":"Shenzhen Panwin Machinery&amp;Equipment Co.Ltd","potentialAction":[{"@type":"SearchAction","target":{"@type":"EntryPoint","urlTemplate":"https:\/\/panwinjet.com\/?s={search_term_string}"},"query-input":{"@type":"PropertyValueSpecification","valueRequired":true,"valueName":"search_term_string"}}],"inLanguage":"es"}]}},"_links":{"self":[{"href":"https:\/\/panwinjet.com\/es\/wp-json\/wp\/v2\/product\/1067","targetHints":{"allow":["GET"]}}],"collection":[{"href":"https:\/\/panwinjet.com\/es\/wp-json\/wp\/v2\/product"}],"about":[{"href":"https:\/\/panwinjet.com\/es\/wp-json\/wp\/v2\/types\/product"}],"wp:featuredmedia":[{"embeddable":true,"href":"https:\/\/panwinjet.com\/es\/wp-json\/"}],"wp:attachment":[{"href":"https:\/\/panwinjet.com\/es\/wp-json\/wp\/v2\/media?parent=1067"}],"wp:term":[{"taxonomy":"product_brand","embeddable":true,"href":"https:\/\/panwinjet.com\/es\/wp-json\/wp\/v2\/product_brand?post=1067"},{"taxonomy":"product_cat","embeddable":true,"href":"https:\/\/panwinjet.com\/es\/wp-json\/wp\/v2\/product_cat?post=1067"},{"taxonomy":"product_tag","embeddable":true,"href":"https:\/\/panwinjet.com\/es\/wp-json\/wp\/v2\/product_tag?post=1067"}],"curies":[{"name":"wp","href":"https:\/\/api.w.org\/{rel}","templated":true}]}}