{"id":1058,"date":"2025-09-20T03:05:54","date_gmt":"2025-09-20T03:05:54","guid":{"rendered":"https:\/\/panwinjet.com\/?post_type=product&#038;p=1058"},"modified":"2025-09-20T03:05:54","modified_gmt":"2025-09-20T03:05:54","slug":"40000psi-uhp-water-blasting-9-16-male-adapter-compatible-with-jetstream-54454","status":"publish","type":"product","link":"https:\/\/panwinjet.com\/es\/producto\/40000psi-uhp-water-blasting-9-16-male-adapter-compatible-with-jetstream-54454\/","title":{"rendered":"Adaptador macho de 9\/16&quot; para chorro de agua UHP de 40000 PSI compatible con Jetstream 54454"},"content":{"rendered":"<p><strong><b>Adaptador macho de 9\/16&quot; para chorro de agua UHP de 40000 PSI compatible con Jetstream 54454<\/b><\/strong><\/p>\n<p>Introducci\u00f3n de <strong><b>Adaptador macho de 9\/16&quot; para chorro de agua UHP de 40000 PSI compatible con Jetstream 54454<\/b><\/strong><\/p>\n<p>Le ofrecemos una amplia variedad de accesorios con diversos tipos de conexi\u00f3n para satisfacer sus necesidades de aplicaci\u00f3n de 40 kpsi. Los tipos de conexi\u00f3n est\u00e1ndar, tipo M, lanza HP<\/p>\n<p>y sellos de bot\u00f3n, est\u00e1n disponibles en tama\u00f1os de rosca est\u00e1ndar. Nuestros accesorios y adaptadores son de alta calidad y ayudan a prevenir fugas y desgaste. Y esto... <strong><b>Adaptador macho de 9\/16&quot; para chorro de agua UHP de 40000 PSI compatible con Jetstream-54454 de alta calidad <\/b><\/strong><strong><b>\u00a0<\/b><\/strong>conectores.<\/p>","protected":false},"excerpt":{"rendered":"<p><strong><b>2. Par\u00e1metros del producto (especificaci\u00f3n) <\/b><\/strong><strong><b>Adaptador macho de 9\/16&quot; para chorro de agua UHP de 40000 PSI compatible con JS54454<\/b><\/strong><\/p>\n<p>El <strong><b>Adaptador macho de 9\/16&quot; para chorro de agua UHP de 40000 PSI compatible con JS54454<\/b><\/strong>La presi\u00f3n m\u00e1xima es de 40.000 psi, es compatible con Jetstream 54454.<\/p>\n<p>Las especificaciones detalladas se mencionan a continuaci\u00f3n:<\/p>\n<p><img decoding=\"async\" class=\"aligncenter size-full wp-image-1060 lazyload\" data-src=\"https:\/\/panwinjet.com\/wp-content\/uploads\/2025\/09\/54454.png\" alt=\"\" width=\"870\" height=\"183\" data-srcset=\"https:\/\/panwinjet.com\/wp-content\/uploads\/2025\/09\/54454.png 870w, https:\/\/panwinjet.com\/wp-content\/uploads\/2025\/09\/54454-500x105.png 500w, https:\/\/panwinjet.com\/wp-content\/uploads\/2025\/09\/54454-300x63.png 300w, https:\/\/panwinjet.com\/wp-content\/uploads\/2025\/09\/54454-768x162.png 768w, https:\/\/panwinjet.com\/wp-content\/uploads\/2025\/09\/54454-150x32.png 150w, https:\/\/panwinjet.com\/wp-content\/uploads\/2025\/09\/54454-480x101.png 480w, https:\/\/panwinjet.com\/wp-content\/uploads\/2025\/09\/54454-800x168.png 800w\" data-sizes=\"(max-width:767px) 480px, (max-width:870px) 100vw, 870px\" src=\"data:image\/svg+xml;base64,PHN2ZyB3aWR0aD0iMSIgaGVpZ2h0PSIxIiB4bWxucz0iaHR0cDovL3d3dy53My5vcmcvMjAwMC9zdmciPjwvc3ZnPg==\" style=\"--smush-placeholder-width: 870px; --smush-placeholder-aspect-ratio: 870\/183;\" \/><\/p>\n<p><strong><b>Caracter\u00edsticas y aplicaciones de <\/b><\/strong><strong><b>Adaptador macho de 9\/16&quot; para chorro de agua UHP de 40000 PSI compatible con JS54454<\/b><\/strong><\/p>\n<p>El\u00a0<strong><b>Adaptador macho de 9\/16&quot; para chorro de agua UHP de 40000 PSI compatible con JS54454<\/b><\/strong>\u00a0Est\u00e1 hecho de excelente calidad, es duradero a la presi\u00f3n y de larga duraci\u00f3n, caracter\u00edsticas como las mencionadas:<\/p>\n<p>A: Material SST de alta calidad<\/p>\n<p>B: Mano de obra superior<\/p>\n<p>C: Larga duraci\u00f3n y desgaste<\/p>\n<p><strong><b>Solicitud:<\/b><\/strong><\/p>\n<p>Piezas de la m\u00e1quina de limpieza de suciedad por polvo de acero con chorro de agua Boquilla de puerto macho<\/p>\n<p>Se aplica a diversas tareas de limpieza, especialmente en conexiones multipuerto. Principalmente, limpieza de superficies, tanques y embarcaciones, pintura automotriz, miner\u00eda, acer\u00edas y construcci\u00f3n.<\/p>","protected":false},"featured_media":1059,"template":"","meta":[],"product_brand":[],"product_cat":[7],"product_tag":[],"class_list":{"0":"post-1058","1":"product","2":"type-product","3":"status-publish","4":"has-post-thumbnail","6":"product_cat-jetstream-pump-fluid-end-compatibe-parts","8":"first","9":"instock","10":"shipping-taxable","11":"product-type-simple"},"yoast_head":"<!-- This site is optimized with the Yoast SEO plugin v24.9 - https:\/\/yoast.com\/wordpress\/plugins\/seo\/ -->\n<title>40000PSI UHP Water-blasting 9\/16 Male Adapter compatible with Jetstream 54454 - Panwin Machinery&amp;Equipment<\/title>\n<meta name=\"robots\" content=\"index, follow, max-snippet:-1, max-image-preview:large, max-video-preview:-1\" \/>\n<link rel=\"canonical\" href=\"https:\/\/panwinjet.com\/es\/producto\/40000psi-uhp-water-blasting-9-16-male-adapter-compatible-with-jetstream-54454\/\" \/>\n<meta property=\"og:locale\" content=\"es_ES\" \/>\n<meta property=\"og:type\" content=\"article\" \/>\n<meta property=\"og:title\" content=\"40000PSI UHP Water-blasting 9\/16 Male Adapter compatible with Jetstream 54454 - Panwin Machinery&amp;Equipment\" \/>\n<meta property=\"og:description\" content=\"2.Product Parameter (Specification) of 40000PSI UHP Water-blasting 9\/16 Male Adapter compatible with JS54454  The 40000PSI UHP Water-blasting 9\/16 Male Adapter compatible with JS54454, Max pressure is 40,000psi, it is compatible with Jetstream 54454.  Details specification as mentioned below:    Feature And Application of 40000PSI UHP Water-blasting 9\/16 Male Adapter compatible with JS54454  The\u00a040000PSI UHP Water-blasting 9\/16 Male Adapter compatible with JS54454\u00a0is made of the excellent\u00a0quality, it is pressure durable and long wear, features as mentioned:  A:High grade\u00a0SST material  B:Superior workmanship  C:\u00a0Long wear and durability  Application:  The Water Jet Blasting Steel dust dirt cleaning machine parts Male Port Nipple  is applied to the various cleaning task, special for muti-port connection cleaning job. Mainly surface cleaning,Tank&amp;Vessel Cleaning,Automotive Painting cleaning,Mining industry cleaning,Steel manufacture cleaning, Construction industry\u00a0etc.\" \/>\n<meta property=\"og:url\" content=\"https:\/\/panwinjet.com\/es\/producto\/40000psi-uhp-water-blasting-9-16-male-adapter-compatible-with-jetstream-54454\/\" \/>\n<meta property=\"og:site_name\" content=\"Panwin Machinery&amp;Equipment\" \/>\n<meta property=\"og:image\" content=\"https:\/\/panwinjet.com\/wp-content\/uploads\/2025\/09\/3-2.png\" \/>\n\t<meta property=\"og:image:width\" content=\"585\" \/>\n\t<meta property=\"og:image:height\" content=\"267\" \/>\n\t<meta property=\"og:image:type\" content=\"image\/png\" \/>\n<meta name=\"twitter:card\" content=\"summary_large_image\" \/>\n<meta name=\"twitter:label1\" content=\"Tiempo de lectura\" \/>\n\t<meta name=\"twitter:data1\" content=\"1 minuto\" \/>\n<script type=\"application\/ld+json\" class=\"yoast-schema-graph\">{\"@context\":\"https:\/\/schema.org\",\"@graph\":[{\"@type\":\"WebPage\",\"@id\":\"https:\/\/panwinjet.com\/product\/40000psi-uhp-water-blasting-9-16-male-adapter-compatible-with-jetstream-54454\/\",\"url\":\"https:\/\/panwinjet.com\/product\/40000psi-uhp-water-blasting-9-16-male-adapter-compatible-with-jetstream-54454\/\",\"name\":\"40000PSI UHP Water-blasting 9\/16 Male Adapter compatible with Jetstream 54454 - Panwin Machinery&amp;Equipment\",\"isPartOf\":{\"@id\":\"https:\/\/panwinjet.com\/#website\"},\"primaryImageOfPage\":{\"@id\":\"https:\/\/panwinjet.com\/product\/40000psi-uhp-water-blasting-9-16-male-adapter-compatible-with-jetstream-54454\/#primaryimage\"},\"image\":{\"@id\":\"https:\/\/panwinjet.com\/product\/40000psi-uhp-water-blasting-9-16-male-adapter-compatible-with-jetstream-54454\/#primaryimage\"},\"thumbnailUrl\":\"https:\/\/panwinjet.com\/wp-content\/uploads\/2025\/09\/3-2.png\",\"datePublished\":\"2025-09-20T03:05:54+00:00\",\"breadcrumb\":{\"@id\":\"https:\/\/panwinjet.com\/product\/40000psi-uhp-water-blasting-9-16-male-adapter-compatible-with-jetstream-54454\/#breadcrumb\"},\"inLanguage\":\"es\",\"potentialAction\":[{\"@type\":\"ReadAction\",\"target\":[\"https:\/\/panwinjet.com\/product\/40000psi-uhp-water-blasting-9-16-male-adapter-compatible-with-jetstream-54454\/\"]}]},{\"@type\":\"ImageObject\",\"inLanguage\":\"es\",\"@id\":\"https:\/\/panwinjet.com\/product\/40000psi-uhp-water-blasting-9-16-male-adapter-compatible-with-jetstream-54454\/#primaryimage\",\"url\":\"https:\/\/panwinjet.com\/wp-content\/uploads\/2025\/09\/3-2.png\",\"contentUrl\":\"https:\/\/panwinjet.com\/wp-content\/uploads\/2025\/09\/3-2.png\",\"width\":585,\"height\":267},{\"@type\":\"BreadcrumbList\",\"@id\":\"https:\/\/panwinjet.com\/product\/40000psi-uhp-water-blasting-9-16-male-adapter-compatible-with-jetstream-54454\/#breadcrumb\",\"itemListElement\":[{\"@type\":\"ListItem\",\"position\":1,\"name\":\"\u9996\u9875\",\"item\":\"https:\/\/panwinjet.com\/\"},{\"@type\":\"ListItem\",\"position\":2,\"name\":\"PRODUCT\",\"item\":\"https:\/\/panwinjet.com\/product\/\"},{\"@type\":\"ListItem\",\"position\":3,\"name\":\"40000PSI UHP Water-blasting 9\/16 Male Adapter compatible with Jetstream 54454\"}]},{\"@type\":\"WebSite\",\"@id\":\"https:\/\/panwinjet.com\/#website\",\"url\":\"https:\/\/panwinjet.com\/\",\"name\":\"Panwin Machinery&amp;Equipment\",\"description\":\"Shenzhen Panwin Machinery&amp;Equipment Co.Ltd\",\"potentialAction\":[{\"@type\":\"SearchAction\",\"target\":{\"@type\":\"EntryPoint\",\"urlTemplate\":\"https:\/\/panwinjet.com\/?s={search_term_string}\"},\"query-input\":{\"@type\":\"PropertyValueSpecification\",\"valueRequired\":true,\"valueName\":\"search_term_string\"}}],\"inLanguage\":\"es\"}]}<\/script>\n<!-- \/ Yoast SEO plugin. -->","yoast_head_json":{"title":"40000PSI UHP Water-blasting 9\/16 Male Adapter compatible with Jetstream 54454 - Panwin Machinery&amp;Equipment","robots":{"index":"index","follow":"follow","max-snippet":"max-snippet:-1","max-image-preview":"max-image-preview:large","max-video-preview":"max-video-preview:-1"},"canonical":"https:\/\/panwinjet.com\/es\/producto\/40000psi-uhp-water-blasting-9-16-male-adapter-compatible-with-jetstream-54454\/","og_locale":"es_ES","og_type":"article","og_title":"40000PSI UHP Water-blasting 9\/16 Male Adapter compatible with Jetstream 54454 - Panwin Machinery&amp;Equipment","og_description":"2.Product Parameter (Specification) of 40000PSI UHP Water-blasting 9\/16 Male Adapter compatible with JS54454  The 40000PSI UHP Water-blasting 9\/16 Male Adapter compatible with JS54454, Max pressure is 40,000psi, it is compatible with Jetstream 54454.  Details specification as mentioned below:    Feature And Application of 40000PSI UHP Water-blasting 9\/16 Male Adapter compatible with JS54454  The\u00a040000PSI UHP Water-blasting 9\/16 Male Adapter compatible with JS54454\u00a0is made of the excellent\u00a0quality, it is pressure durable and long wear, features as mentioned:  A:High grade\u00a0SST material  B:Superior workmanship  C:\u00a0Long wear and durability  Application:  The Water Jet Blasting Steel dust dirt cleaning machine parts Male Port Nipple  is applied to the various cleaning task, special for muti-port connection cleaning job. Mainly surface cleaning,Tank&amp;Vessel Cleaning,Automotive Painting cleaning,Mining industry cleaning,Steel manufacture cleaning, Construction industry\u00a0etc.","og_url":"https:\/\/panwinjet.com\/es\/producto\/40000psi-uhp-water-blasting-9-16-male-adapter-compatible-with-jetstream-54454\/","og_site_name":"Panwin Machinery&amp;Equipment","og_image":[{"width":585,"height":267,"url":"https:\/\/panwinjet.com\/wp-content\/uploads\/2025\/09\/3-2.png","type":"image\/png"}],"twitter_card":"summary_large_image","twitter_misc":{"Tiempo de lectura":"1 minuto"},"schema":{"@context":"https:\/\/schema.org","@graph":[{"@type":"WebPage","@id":"https:\/\/panwinjet.com\/product\/40000psi-uhp-water-blasting-9-16-male-adapter-compatible-with-jetstream-54454\/","url":"https:\/\/panwinjet.com\/product\/40000psi-uhp-water-blasting-9-16-male-adapter-compatible-with-jetstream-54454\/","name":"40000PSI UHP Water-blasting 9\/16 Male Adapter compatible with Jetstream 54454 - Panwin Machinery&amp;Equipment","isPartOf":{"@id":"https:\/\/panwinjet.com\/#website"},"primaryImageOfPage":{"@id":"https:\/\/panwinjet.com\/product\/40000psi-uhp-water-blasting-9-16-male-adapter-compatible-with-jetstream-54454\/#primaryimage"},"image":{"@id":"https:\/\/panwinjet.com\/product\/40000psi-uhp-water-blasting-9-16-male-adapter-compatible-with-jetstream-54454\/#primaryimage"},"thumbnailUrl":"https:\/\/panwinjet.com\/wp-content\/uploads\/2025\/09\/3-2.png","datePublished":"2025-09-20T03:05:54+00:00","breadcrumb":{"@id":"https:\/\/panwinjet.com\/product\/40000psi-uhp-water-blasting-9-16-male-adapter-compatible-with-jetstream-54454\/#breadcrumb"},"inLanguage":"es","potentialAction":[{"@type":"ReadAction","target":["https:\/\/panwinjet.com\/product\/40000psi-uhp-water-blasting-9-16-male-adapter-compatible-with-jetstream-54454\/"]}]},{"@type":"ImageObject","inLanguage":"es","@id":"https:\/\/panwinjet.com\/product\/40000psi-uhp-water-blasting-9-16-male-adapter-compatible-with-jetstream-54454\/#primaryimage","url":"https:\/\/panwinjet.com\/wp-content\/uploads\/2025\/09\/3-2.png","contentUrl":"https:\/\/panwinjet.com\/wp-content\/uploads\/2025\/09\/3-2.png","width":585,"height":267},{"@type":"BreadcrumbList","@id":"https:\/\/panwinjet.com\/product\/40000psi-uhp-water-blasting-9-16-male-adapter-compatible-with-jetstream-54454\/#breadcrumb","itemListElement":[{"@type":"ListItem","position":1,"name":"\u9996\u9875","item":"https:\/\/panwinjet.com\/"},{"@type":"ListItem","position":2,"name":"PRODUCT","item":"https:\/\/panwinjet.com\/product\/"},{"@type":"ListItem","position":3,"name":"40000PSI UHP Water-blasting 9\/16 Male Adapter compatible with Jetstream 54454"}]},{"@type":"WebSite","@id":"https:\/\/panwinjet.com\/#website","url":"https:\/\/panwinjet.com\/","name":"Panwin Machinery&amp;Equipment","description":"Shenzhen Panwin Machinery&amp;Equipment Co.Ltd","potentialAction":[{"@type":"SearchAction","target":{"@type":"EntryPoint","urlTemplate":"https:\/\/panwinjet.com\/?s={search_term_string}"},"query-input":{"@type":"PropertyValueSpecification","valueRequired":true,"valueName":"search_term_string"}}],"inLanguage":"es"}]}},"_links":{"self":[{"href":"https:\/\/panwinjet.com\/es\/wp-json\/wp\/v2\/product\/1058","targetHints":{"allow":["GET"]}}],"collection":[{"href":"https:\/\/panwinjet.com\/es\/wp-json\/wp\/v2\/product"}],"about":[{"href":"https:\/\/panwinjet.com\/es\/wp-json\/wp\/v2\/types\/product"}],"wp:featuredmedia":[{"embeddable":true,"href":"https:\/\/panwinjet.com\/es\/wp-json\/wp\/v2\/media\/1059"}],"wp:attachment":[{"href":"https:\/\/panwinjet.com\/es\/wp-json\/wp\/v2\/media?parent=1058"}],"wp:term":[{"taxonomy":"product_brand","embeddable":true,"href":"https:\/\/panwinjet.com\/es\/wp-json\/wp\/v2\/product_brand?post=1058"},{"taxonomy":"product_cat","embeddable":true,"href":"https:\/\/panwinjet.com\/es\/wp-json\/wp\/v2\/product_cat?post=1058"},{"taxonomy":"product_tag","embeddable":true,"href":"https:\/\/panwinjet.com\/es\/wp-json\/wp\/v2\/product_tag?post=1058"}],"curies":[{"name":"wp","href":"https:\/\/api.w.org\/{rel}","templated":true}]}}