{"id":1049,"date":"2025-09-20T02:59:05","date_gmt":"2025-09-20T02:59:05","guid":{"rendered":"https:\/\/panwinjet.com\/?post_type=product&#038;p=1049"},"modified":"2025-09-20T02:59:05","modified_gmt":"2025-09-20T02:59:05","slug":"40000psi-pressure-rated-surface-preparation-waterjet-blasting-direct-drive-pump-for-uraca-cylinder-end-bell","status":"publish","type":"product","link":"https:\/\/panwinjet.com\/es\/producto\/40000psi-pressure-rated-surface-preparation-waterjet-blasting-direct-drive-pump-for-uraca-cylinder-end-bell\/","title":{"rendered":"Bomba de accionamiento directo para chorro de agua a presi\u00f3n nominal de 40000 psi para preparaci\u00f3n de superficies y campana de extremo de cilindro URACA"},"content":{"rendered":"<p><strong><b>Bomba de accionamiento directo para chorro de agua a presi\u00f3n nominal de 40000 psi para preparaci\u00f3n de superficies y campana de extremo de cilindro URACA <\/b><\/strong><\/p>\n<p><strong><b>Introducci\u00f3n de <\/b><\/strong><strong><b>Bomba de accionamiento directo para chorro de agua a presi\u00f3n nominal de 40000 psi para preparaci\u00f3n de superficies y campana de extremo de cilindro URACA <\/b><\/strong><\/p>\n<p><strong><b>Este <\/b><\/strong><strong><b>Bomba de accionamiento directo para chorro de agua a presi\u00f3n nominal de 40000 psi para preparaci\u00f3n de superficies y campana de extremo de cilindro URACA <\/b><\/strong><strong><b>Es compatible con URACA KD725, KD719, presi\u00f3n de funcionamiento nominal de hasta 2800 bar, potencia nominal de hasta 270 kW, se aplica con el cilindro de alta presi\u00f3n URACA.<\/b><\/strong><\/p>\n<p><strong><b>\u00a0<\/b><\/strong><\/p>\n<p><strong><b>Par\u00e1metro (Especificaci\u00f3n) de <\/b><\/strong><strong><b>Bomba de accionamiento directo para chorro de agua a presi\u00f3n nominal de 40000 psi para preparaci\u00f3n de superficies y campana de extremo de cilindro URACA <\/b><\/strong><\/p>\n<p><strong><b>El <\/b><\/strong><strong><b>Bomba de accionamiento directo para chorro de agua a presi\u00f3n nominal de 40000 psi para preparaci\u00f3n de superficies y campana de extremo de cilindro URACA<\/b><\/strong><strong><b>\u00a0es compatible con varios modelos como KD725, KD719, la presi\u00f3n de funcionamiento nominal es de 2800 bar, el caudal es de 13 a 2080 l\/min, con el cilindro de alta presi\u00f3n URACA.<\/b><\/strong><\/p>","protected":false},"excerpt":{"rendered":"<p><strong><b>\u00a0Caracter\u00edsticas y aplicaciones de la bomba de accionamiento directo para chorro de agua a presi\u00f3n de 40000 psi para preparaci\u00f3n de superficies en la campana del cilindro URACA. <\/b><\/strong><\/p>\n<p><strong><b>El <\/b><\/strong><strong><b>Bomba de accionamiento directo para chorro de agua a presi\u00f3n nominal de 40000 psi para preparaci\u00f3n de superficies y campana de extremo de cilindro URACA<\/b><\/strong><strong><b>\u00a0Est\u00e1 fabricado en acero inoxidable de alta calidad y es compatible y reemplazable con el original URACA. Sus caracter\u00edsticas son:<\/b><\/strong><\/p>\n<p><strong><b>A: Proceso de superficie interior de espejo<\/b><\/strong><\/p>\n<p><strong><b>B<\/b><\/strong><strong><b>Acero inoxidable de grado aeroespacial para fabricar<\/b><\/strong><\/p>\n<p><strong><b>do<\/b><\/strong><strong><b>Proceso de acabado superior de alta precisi\u00f3n.<\/b><\/strong><\/p>\n<p><strong><b>Solicitud: <\/b><\/strong><\/p>\n<p>Esta bomba de chorro de agua a presi\u00f3n de 40000 psi para preparaci\u00f3n de superficies, con accionamiento directo, para la campana del cilindro URACA, es compatible con el cilindro de alta presi\u00f3n URACA y se puede utilizar para la limpieza general de superficies, la limpieza de tuber\u00edas, la limpieza de intercambiadores de calor, la pintura hidrost\u00e1tica y la limpieza de \u00f3xido, etc.<\/p>\n<p><img decoding=\"async\" class=\"aligncenter size-full wp-image-1057 lazyload\" data-src=\"https:\/\/panwinjet.com\/wp-content\/uploads\/2025\/09\/4215-1500Bar-Pump-2.jpg\" alt=\"\" width=\"1279\" height=\"2275\" data-srcset=\"https:\/\/panwinjet.com\/wp-content\/uploads\/2025\/09\/4215-1500Bar-Pump-2.jpg 1279w, https:\/\/panwinjet.com\/wp-content\/uploads\/2025\/09\/4215-1500Bar-Pump-2-281x500.jpg 281w, https:\/\/panwinjet.com\/wp-content\/uploads\/2025\/09\/4215-1500Bar-Pump-2-675x1200.jpg 675w, https:\/\/panwinjet.com\/wp-content\/uploads\/2025\/09\/4215-1500Bar-Pump-2-169x300.jpg 169w, https:\/\/panwinjet.com\/wp-content\/uploads\/2025\/09\/4215-1500Bar-Pump-2-768x1366.jpg 768w, https:\/\/panwinjet.com\/wp-content\/uploads\/2025\/09\/4215-1500Bar-Pump-2-864x1536.jpg 864w, https:\/\/panwinjet.com\/wp-content\/uploads\/2025\/09\/4215-1500Bar-Pump-2-1151x2048.jpg 1151w, https:\/\/panwinjet.com\/wp-content\/uploads\/2025\/09\/4215-1500Bar-Pump-2-42x75.jpg 42w, https:\/\/panwinjet.com\/wp-content\/uploads\/2025\/09\/4215-1500Bar-Pump-2-480x854.jpg 480w, https:\/\/panwinjet.com\/wp-content\/uploads\/2025\/09\/4215-1500Bar-Pump-2-800x1423.jpg 800w\" data-sizes=\"(max-width:767px) 480px, (max-width:1279px) 100vw, 1279px\" src=\"data:image\/svg+xml;base64,PHN2ZyB3aWR0aD0iMSIgaGVpZ2h0PSIxIiB4bWxucz0iaHR0cDovL3d3dy53My5vcmcvMjAwMC9zdmciPjwvc3ZnPg==\" style=\"--smush-placeholder-width: 1279px; --smush-placeholder-aspect-ratio: 1279\/2275;\" \/><\/p>","protected":false},"featured_media":1053,"template":"","meta":[],"product_brand":[],"product_cat":[6],"product_tag":[],"class_list":{"0":"post-1049","1":"product","2":"type-product","3":"status-publish","4":"has-post-thumbnail","6":"product_cat-uni-valves-for-uhp-pump","8":"first","9":"instock","10":"shipping-taxable","11":"product-type-simple"},"yoast_head":"<!-- This site is optimized with the Yoast SEO plugin v24.9 - https:\/\/yoast.com\/wordpress\/plugins\/seo\/ -->\n<title>40000psi pressure rated surface preparation waterjet blasting direct drive pump for URACA Cylinder End Bell - Panwin Machinery&amp;Equipment<\/title>\n<meta name=\"robots\" content=\"index, follow, max-snippet:-1, max-image-preview:large, max-video-preview:-1\" \/>\n<link rel=\"canonical\" href=\"https:\/\/panwinjet.com\/es\/producto\/40000psi-pressure-rated-surface-preparation-waterjet-blasting-direct-drive-pump-for-uraca-cylinder-end-bell\/\" \/>\n<meta property=\"og:locale\" content=\"es_ES\" \/>\n<meta property=\"og:type\" content=\"article\" \/>\n<meta property=\"og:title\" content=\"40000psi pressure rated surface preparation waterjet blasting direct drive pump for URACA Cylinder End Bell - Panwin Machinery&amp;Equipment\" \/>\n<meta property=\"og:description\" content=\"\u00a0Feature And Application of 40000psi pressure rated surface preparation waterjet blasting direct drive pump for URACA Cylinder End Bell   The 40000psi pressure rated surface preparation waterjet blasting direct drive pump for URACA Cylinder End Bell\u00a0is made of the high-grade stainless Steel with high quality, it is compatible and replaceable with the URACA original. It is featured:  A:Mirror Inside surface process  B:Aerospace-grade stainless steel to made of  C:High Precision Born better finish process.  Application:   This 40000psi pressure rated surface preparation waterjet blasting direct drive pump for URACA Cylinder End Bell\u00a0is go with the URACA High pressure Cylinder,it\u00a0can be used in the general surface cleaning, pipeline tubing cleaning, the heat-exchange cleaning, Hydro Painting &amp;Rust cleaning etc.\" \/>\n<meta property=\"og:url\" content=\"https:\/\/panwinjet.com\/es\/producto\/40000psi-pressure-rated-surface-preparation-waterjet-blasting-direct-drive-pump-for-uraca-cylinder-end-bell\/\" \/>\n<meta property=\"og:site_name\" content=\"Panwin Machinery&amp;Equipment\" \/>\n<meta property=\"og:image\" content=\"https:\/\/panwinjet.com\/wp-content\/uploads\/2025\/09\/URACA-End-Bell-5-scaled.jpg\" \/>\n\t<meta property=\"og:image:width\" content=\"2560\" \/>\n\t<meta property=\"og:image:height\" content=\"1920\" \/>\n\t<meta property=\"og:image:type\" content=\"image\/jpeg\" \/>\n<meta name=\"twitter:card\" content=\"summary_large_image\" \/>\n<meta name=\"twitter:label1\" content=\"Tiempo de lectura\" \/>\n\t<meta name=\"twitter:data1\" content=\"1 minuto\" \/>\n<script type=\"application\/ld+json\" class=\"yoast-schema-graph\">{\"@context\":\"https:\/\/schema.org\",\"@graph\":[{\"@type\":\"WebPage\",\"@id\":\"https:\/\/panwinjet.com\/product\/40000psi-pressure-rated-surface-preparation-waterjet-blasting-direct-drive-pump-for-uraca-cylinder-end-bell\/\",\"url\":\"https:\/\/panwinjet.com\/product\/40000psi-pressure-rated-surface-preparation-waterjet-blasting-direct-drive-pump-for-uraca-cylinder-end-bell\/\",\"name\":\"40000psi pressure rated surface preparation waterjet blasting direct drive pump for URACA Cylinder End Bell - Panwin Machinery&amp;Equipment\",\"isPartOf\":{\"@id\":\"https:\/\/panwinjet.com\/#website\"},\"primaryImageOfPage\":{\"@id\":\"https:\/\/panwinjet.com\/product\/40000psi-pressure-rated-surface-preparation-waterjet-blasting-direct-drive-pump-for-uraca-cylinder-end-bell\/#primaryimage\"},\"image\":{\"@id\":\"https:\/\/panwinjet.com\/product\/40000psi-pressure-rated-surface-preparation-waterjet-blasting-direct-drive-pump-for-uraca-cylinder-end-bell\/#primaryimage\"},\"thumbnailUrl\":\"https:\/\/panwinjet.com\/wp-content\/uploads\/2025\/09\/URACA-End-Bell-5-scaled.jpg\",\"datePublished\":\"2025-09-20T02:59:05+00:00\",\"breadcrumb\":{\"@id\":\"https:\/\/panwinjet.com\/product\/40000psi-pressure-rated-surface-preparation-waterjet-blasting-direct-drive-pump-for-uraca-cylinder-end-bell\/#breadcrumb\"},\"inLanguage\":\"es\",\"potentialAction\":[{\"@type\":\"ReadAction\",\"target\":[\"https:\/\/panwinjet.com\/product\/40000psi-pressure-rated-surface-preparation-waterjet-blasting-direct-drive-pump-for-uraca-cylinder-end-bell\/\"]}]},{\"@type\":\"ImageObject\",\"inLanguage\":\"es\",\"@id\":\"https:\/\/panwinjet.com\/product\/40000psi-pressure-rated-surface-preparation-waterjet-blasting-direct-drive-pump-for-uraca-cylinder-end-bell\/#primaryimage\",\"url\":\"https:\/\/panwinjet.com\/wp-content\/uploads\/2025\/09\/URACA-End-Bell-5-scaled.jpg\",\"contentUrl\":\"https:\/\/panwinjet.com\/wp-content\/uploads\/2025\/09\/URACA-End-Bell-5-scaled.jpg\",\"width\":2560,\"height\":1920},{\"@type\":\"BreadcrumbList\",\"@id\":\"https:\/\/panwinjet.com\/product\/40000psi-pressure-rated-surface-preparation-waterjet-blasting-direct-drive-pump-for-uraca-cylinder-end-bell\/#breadcrumb\",\"itemListElement\":[{\"@type\":\"ListItem\",\"position\":1,\"name\":\"\u9996\u9875\",\"item\":\"https:\/\/panwinjet.com\/\"},{\"@type\":\"ListItem\",\"position\":2,\"name\":\"PRODUCT\",\"item\":\"https:\/\/panwinjet.com\/product\/\"},{\"@type\":\"ListItem\",\"position\":3,\"name\":\"40000psi pressure rated surface preparation waterjet blasting direct drive pump for URACA Cylinder End Bell\"}]},{\"@type\":\"WebSite\",\"@id\":\"https:\/\/panwinjet.com\/#website\",\"url\":\"https:\/\/panwinjet.com\/\",\"name\":\"Panwin Machinery&amp;Equipment\",\"description\":\"Shenzhen Panwin Machinery&amp;Equipment Co.Ltd\",\"potentialAction\":[{\"@type\":\"SearchAction\",\"target\":{\"@type\":\"EntryPoint\",\"urlTemplate\":\"https:\/\/panwinjet.com\/?s={search_term_string}\"},\"query-input\":{\"@type\":\"PropertyValueSpecification\",\"valueRequired\":true,\"valueName\":\"search_term_string\"}}],\"inLanguage\":\"es\"}]}<\/script>\n<!-- \/ Yoast SEO plugin. -->","yoast_head_json":{"title":"40000psi pressure rated surface preparation waterjet blasting direct drive pump for URACA Cylinder End Bell - Panwin Machinery&amp;Equipment","robots":{"index":"index","follow":"follow","max-snippet":"max-snippet:-1","max-image-preview":"max-image-preview:large","max-video-preview":"max-video-preview:-1"},"canonical":"https:\/\/panwinjet.com\/es\/producto\/40000psi-pressure-rated-surface-preparation-waterjet-blasting-direct-drive-pump-for-uraca-cylinder-end-bell\/","og_locale":"es_ES","og_type":"article","og_title":"40000psi pressure rated surface preparation waterjet blasting direct drive pump for URACA Cylinder End Bell - Panwin Machinery&amp;Equipment","og_description":"\u00a0Feature And Application of 40000psi pressure rated surface preparation waterjet blasting direct drive pump for URACA Cylinder End Bell   The 40000psi pressure rated surface preparation waterjet blasting direct drive pump for URACA Cylinder End Bell\u00a0is made of the high-grade stainless Steel with high quality, it is compatible and replaceable with the URACA original. It is featured:  A:Mirror Inside surface process  B:Aerospace-grade stainless steel to made of  C:High Precision Born better finish process.  Application:   This 40000psi pressure rated surface preparation waterjet blasting direct drive pump for URACA Cylinder End Bell\u00a0is go with the URACA High pressure Cylinder,it\u00a0can be used in the general surface cleaning, pipeline tubing cleaning, the heat-exchange cleaning, Hydro Painting &amp;Rust cleaning etc.","og_url":"https:\/\/panwinjet.com\/es\/producto\/40000psi-pressure-rated-surface-preparation-waterjet-blasting-direct-drive-pump-for-uraca-cylinder-end-bell\/","og_site_name":"Panwin Machinery&amp;Equipment","og_image":[{"width":2560,"height":1920,"url":"https:\/\/panwinjet.com\/wp-content\/uploads\/2025\/09\/URACA-End-Bell-5-scaled.jpg","type":"image\/jpeg"}],"twitter_card":"summary_large_image","twitter_misc":{"Tiempo de lectura":"1 minuto"},"schema":{"@context":"https:\/\/schema.org","@graph":[{"@type":"WebPage","@id":"https:\/\/panwinjet.com\/product\/40000psi-pressure-rated-surface-preparation-waterjet-blasting-direct-drive-pump-for-uraca-cylinder-end-bell\/","url":"https:\/\/panwinjet.com\/product\/40000psi-pressure-rated-surface-preparation-waterjet-blasting-direct-drive-pump-for-uraca-cylinder-end-bell\/","name":"40000psi pressure rated surface preparation waterjet blasting direct drive pump for URACA Cylinder End Bell - Panwin Machinery&amp;Equipment","isPartOf":{"@id":"https:\/\/panwinjet.com\/#website"},"primaryImageOfPage":{"@id":"https:\/\/panwinjet.com\/product\/40000psi-pressure-rated-surface-preparation-waterjet-blasting-direct-drive-pump-for-uraca-cylinder-end-bell\/#primaryimage"},"image":{"@id":"https:\/\/panwinjet.com\/product\/40000psi-pressure-rated-surface-preparation-waterjet-blasting-direct-drive-pump-for-uraca-cylinder-end-bell\/#primaryimage"},"thumbnailUrl":"https:\/\/panwinjet.com\/wp-content\/uploads\/2025\/09\/URACA-End-Bell-5-scaled.jpg","datePublished":"2025-09-20T02:59:05+00:00","breadcrumb":{"@id":"https:\/\/panwinjet.com\/product\/40000psi-pressure-rated-surface-preparation-waterjet-blasting-direct-drive-pump-for-uraca-cylinder-end-bell\/#breadcrumb"},"inLanguage":"es","potentialAction":[{"@type":"ReadAction","target":["https:\/\/panwinjet.com\/product\/40000psi-pressure-rated-surface-preparation-waterjet-blasting-direct-drive-pump-for-uraca-cylinder-end-bell\/"]}]},{"@type":"ImageObject","inLanguage":"es","@id":"https:\/\/panwinjet.com\/product\/40000psi-pressure-rated-surface-preparation-waterjet-blasting-direct-drive-pump-for-uraca-cylinder-end-bell\/#primaryimage","url":"https:\/\/panwinjet.com\/wp-content\/uploads\/2025\/09\/URACA-End-Bell-5-scaled.jpg","contentUrl":"https:\/\/panwinjet.com\/wp-content\/uploads\/2025\/09\/URACA-End-Bell-5-scaled.jpg","width":2560,"height":1920},{"@type":"BreadcrumbList","@id":"https:\/\/panwinjet.com\/product\/40000psi-pressure-rated-surface-preparation-waterjet-blasting-direct-drive-pump-for-uraca-cylinder-end-bell\/#breadcrumb","itemListElement":[{"@type":"ListItem","position":1,"name":"\u9996\u9875","item":"https:\/\/panwinjet.com\/"},{"@type":"ListItem","position":2,"name":"PRODUCT","item":"https:\/\/panwinjet.com\/product\/"},{"@type":"ListItem","position":3,"name":"40000psi pressure rated surface preparation waterjet blasting direct drive pump for URACA Cylinder End Bell"}]},{"@type":"WebSite","@id":"https:\/\/panwinjet.com\/#website","url":"https:\/\/panwinjet.com\/","name":"Panwin Machinery&amp;Equipment","description":"Shenzhen Panwin Machinery&amp;Equipment Co.Ltd","potentialAction":[{"@type":"SearchAction","target":{"@type":"EntryPoint","urlTemplate":"https:\/\/panwinjet.com\/?s={search_term_string}"},"query-input":{"@type":"PropertyValueSpecification","valueRequired":true,"valueName":"search_term_string"}}],"inLanguage":"es"}]}},"_links":{"self":[{"href":"https:\/\/panwinjet.com\/es\/wp-json\/wp\/v2\/product\/1049","targetHints":{"allow":["GET"]}}],"collection":[{"href":"https:\/\/panwinjet.com\/es\/wp-json\/wp\/v2\/product"}],"about":[{"href":"https:\/\/panwinjet.com\/es\/wp-json\/wp\/v2\/types\/product"}],"wp:featuredmedia":[{"embeddable":true,"href":"https:\/\/panwinjet.com\/es\/wp-json\/wp\/v2\/media\/1053"}],"wp:attachment":[{"href":"https:\/\/panwinjet.com\/es\/wp-json\/wp\/v2\/media?parent=1049"}],"wp:term":[{"taxonomy":"product_brand","embeddable":true,"href":"https:\/\/panwinjet.com\/es\/wp-json\/wp\/v2\/product_brand?post=1049"},{"taxonomy":"product_cat","embeddable":true,"href":"https:\/\/panwinjet.com\/es\/wp-json\/wp\/v2\/product_cat?post=1049"},{"taxonomy":"product_tag","embeddable":true,"href":"https:\/\/panwinjet.com\/es\/wp-json\/wp\/v2\/product_tag?post=1049"}],"curies":[{"name":"wp","href":"https:\/\/api.w.org\/{rel}","templated":true}]}}