{"id":1042,"date":"2025-09-20T02:52:12","date_gmt":"2025-09-20T02:52:12","guid":{"rendered":"https:\/\/panwinjet.com\/?post_type=product&#038;p=1042"},"modified":"2025-09-20T02:52:12","modified_gmt":"2025-09-20T02:52:12","slug":"40000psi-pressure-rated-direct-drive-hydro-jet-blasting-machine-parts-for-uraca-high-pressure-cylinder","status":"publish","type":"product","link":"https:\/\/panwinjet.com\/es\/producto\/40000psi-pressure-rated-direct-drive-hydro-jet-blasting-machine-parts-for-uraca-high-pressure-cylinder\/","title":{"rendered":"Piezas para m\u00e1quina de chorro de agua a presi\u00f3n directa con accionamiento por hidrojet URACA, con una presi\u00f3n nominal de 40000 psi."},"content":{"rendered":"<p><strong><b>Piezas para m\u00e1quina de chorro de agua a presi\u00f3n directa con accionamiento por hidrojet URACA, con una presi\u00f3n nominal de 40000 psi.<\/b><\/strong><\/p>\n<p><strong><b>Presentaci\u00f3n de piezas para m\u00e1quinas de chorro de agua a presi\u00f3n con accionamiento directo y presi\u00f3n nominal de 40 000 psi para cilindros de alta presi\u00f3n URACA<\/b><\/strong><\/p>\n<p><strong><b>Este <\/b><\/strong><strong><b>Piezas para m\u00e1quina de chorro de agua a presi\u00f3n directa con accionamiento por hidrojet URACA, con una presi\u00f3n nominal de 40000 psi.<\/b><\/strong><strong><b>\u00a0es compatible con URACA KD725, KD719, presi\u00f3n de funcionamiento nominal hasta 2800 bar, potencia nominal hasta 270 kW.<\/b><\/strong><\/p>\n<p>&nbsp;<\/p>\n<p><b><\/b><strong><b>Par\u00e1metro (Especificaci\u00f3n) de las piezas de la m\u00e1quina de chorro de agua a presi\u00f3n directa con accionamiento por hidrojet de 40000 psi para el cilindro de alta presi\u00f3n URACA<\/b><\/strong><\/p>\n<p><strong><b>El <\/b><\/strong><strong><b>Piezas para m\u00e1quina de chorro de agua a presi\u00f3n directa con accionamiento por hidrojet URACA, con una presi\u00f3n nominal de 40000 psi.<\/b><\/strong><strong><b>\u00a0es compatible con varios modelos como KD725, KD719, la presi\u00f3n de funcionamiento nominal es de 2800 bar, caudal: 13-2080 lpm.<\/b><\/strong><\/p>","protected":false},"excerpt":{"rendered":"<p><strong><b>Caracter\u00edsticas y aplicaciones de las piezas de la m\u00e1quina de chorro de agua a presi\u00f3n directa con accionamiento por hidrojet de 40000 psi para cilindros de alta presi\u00f3n URACA<\/b><\/strong><\/p>\n<p><strong><b>El <\/b><\/strong><strong><b>Piezas para m\u00e1quina de chorro de agua a presi\u00f3n directa con accionamiento por hidrojet URACA, con una presi\u00f3n nominal de 40000 psi.<\/b><\/strong><strong><b>\u00a0Est\u00e1 fabricado en acero inoxidable de alta calidad y es compatible y reemplazable con el original URACA. Sus caracter\u00edsticas son:<\/b><\/strong><\/p>\n<p><strong><b>A: Proceso de superficie interior de espejo<\/b><\/strong><\/p>\n<p><strong><b>B<\/b><\/strong><strong><b>Acero inoxidable de grado aeroespacial para fabricar<\/b><\/strong><\/p>\n<p><strong><b>do<\/b><\/strong><strong><b>Proceso de acabado superior de alta precisi\u00f3n.<\/b><\/strong><\/p>\n<p><strong><b> <img decoding=\"async\" class=\"aligncenter size-full wp-image-1045 lazyload\" data-src=\"https:\/\/panwinjet.com\/wp-content\/uploads\/2025\/09\/40000psi-Pressure-rated-direct-drive-Hydro-Jet-Blasting-machine-parts-for-URACA-High-pressure-Cylinder-6-scaled.jpg\" alt=\"\" width=\"1920\" height=\"2560\" data-srcset=\"https:\/\/panwinjet.com\/wp-content\/uploads\/2025\/09\/40000psi-Pressure-rated-direct-drive-Hydro-Jet-Blasting-machine-parts-for-URACA-High-pressure-Cylinder-6-scaled.jpg 1920w, https:\/\/panwinjet.com\/wp-content\/uploads\/2025\/09\/40000psi-Pressure-rated-direct-drive-Hydro-Jet-Blasting-machine-parts-for-URACA-High-pressure-Cylinder-6-375x500.jpg 375w, https:\/\/panwinjet.com\/wp-content\/uploads\/2025\/09\/40000psi-Pressure-rated-direct-drive-Hydro-Jet-Blasting-machine-parts-for-URACA-High-pressure-Cylinder-6-900x1200.jpg 900w, https:\/\/panwinjet.com\/wp-content\/uploads\/2025\/09\/40000psi-Pressure-rated-direct-drive-Hydro-Jet-Blasting-machine-parts-for-URACA-High-pressure-Cylinder-6-225x300.jpg 225w, https:\/\/panwinjet.com\/wp-content\/uploads\/2025\/09\/40000psi-Pressure-rated-direct-drive-Hydro-Jet-Blasting-machine-parts-for-URACA-High-pressure-Cylinder-6-768x1024.jpg 768w, https:\/\/panwinjet.com\/wp-content\/uploads\/2025\/09\/40000psi-Pressure-rated-direct-drive-Hydro-Jet-Blasting-machine-parts-for-URACA-High-pressure-Cylinder-6-1152x1536.jpg 1152w, https:\/\/panwinjet.com\/wp-content\/uploads\/2025\/09\/40000psi-Pressure-rated-direct-drive-Hydro-Jet-Blasting-machine-parts-for-URACA-High-pressure-Cylinder-6-1536x2048.jpg 1536w, https:\/\/panwinjet.com\/wp-content\/uploads\/2025\/09\/40000psi-Pressure-rated-direct-drive-Hydro-Jet-Blasting-machine-parts-for-URACA-High-pressure-Cylinder-6-56x75.jpg 56w, https:\/\/panwinjet.com\/wp-content\/uploads\/2025\/09\/40000psi-Pressure-rated-direct-drive-Hydro-Jet-Blasting-machine-parts-for-URACA-High-pressure-Cylinder-6-480x640.jpg 480w, https:\/\/panwinjet.com\/wp-content\/uploads\/2025\/09\/40000psi-Pressure-rated-direct-drive-Hydro-Jet-Blasting-machine-parts-for-URACA-High-pressure-Cylinder-6-800x1067.jpg 800w\" data-sizes=\"(max-width:767px) 480px, (max-width:1920px) 100vw, 1920px\" src=\"data:image\/svg+xml;base64,PHN2ZyB3aWR0aD0iMSIgaGVpZ2h0PSIxIiB4bWxucz0iaHR0cDovL3d3dy53My5vcmcvMjAwMC9zdmciPjwvc3ZnPg==\" style=\"--smush-placeholder-width: 1920px; --smush-placeholder-aspect-ratio: 1920\/2560;\" \/><\/b><\/strong><\/p>\n<p><strong><b>Solicitud:<\/b><\/strong><\/p>\n<p><strong><b>Nosotros, Panwin, le suministramos <\/b><\/strong><strong><b>Piezas para m\u00e1quina de chorro de agua a presi\u00f3n directa con accionamiento por hidrojet URACA, con una presi\u00f3n nominal de 40000 psi.<\/b><\/strong><strong><b>\u00a0Con un precio razonable, puede aplicarse a la limpieza de superficies.<\/b><\/strong><strong><b>Limpieza de tanques y recipientes, limpieza de pintura automotriz, limpieza de la industria minera, limpieza de la industria sider\u00fargica. <\/b><\/strong><strong><b>Industria de la construcci\u00f3n<\/b><\/strong><strong><b>\u00a0etc.<\/b><\/strong><\/p>","protected":false},"featured_media":1045,"template":"","meta":[],"product_brand":[],"product_cat":[6],"product_tag":[],"class_list":{"0":"post-1042","1":"product","2":"type-product","3":"status-publish","4":"has-post-thumbnail","6":"product_cat-uni-valves-for-uhp-pump","8":"first","9":"instock","10":"shipping-taxable","11":"product-type-simple"},"yoast_head":"<!-- This site is optimized with the Yoast SEO plugin v24.9 - https:\/\/yoast.com\/wordpress\/plugins\/seo\/ -->\n<title>40000psi Pressure rated direct drive Hydro-Jet Blasting machine parts for URACA High pressure Cylinder - Panwin Machinery&amp;Equipment<\/title>\n<meta name=\"robots\" content=\"index, follow, max-snippet:-1, max-image-preview:large, max-video-preview:-1\" \/>\n<link rel=\"canonical\" href=\"https:\/\/panwinjet.com\/es\/producto\/40000psi-pressure-rated-direct-drive-hydro-jet-blasting-machine-parts-for-uraca-high-pressure-cylinder\/\" \/>\n<meta property=\"og:locale\" content=\"es_ES\" \/>\n<meta property=\"og:type\" content=\"article\" \/>\n<meta property=\"og:title\" content=\"40000psi Pressure rated direct drive Hydro-Jet Blasting machine parts for URACA High pressure Cylinder - Panwin Machinery&amp;Equipment\" \/>\n<meta property=\"og:description\" content=\"Feature And Application of 40000psi Pressure rated direct drive Hydro-Jet Blasting machine parts for URACA High pressure Cylinder  The 40000psi Pressure rated direct drive Hydro-Jet Blasting machine parts for URACA High pressure Cylinder\u00a0is made of the high-grade stainless Steel with high quality, it is compatible and replaceable with the URACA original. It is featured:  A:Mirror Inside surface process  B:Aerospace-grade stainless steel to made of  C:High Precision Born better finish process.     Application:  We Panwin supply you the 40000psi Pressure rated direct drive Hydro-Jet Blasting machine parts for URACA High pressure Cylinder\u00a0with reasonable price,it can be applied in surface cleaning,Tank&amp;Vessel Cleaning,Automotive Painting cleaning,Mining industry cleaning,Steel manufacture cleaning, Construction industry\u00a0etc.\" \/>\n<meta property=\"og:url\" content=\"https:\/\/panwinjet.com\/es\/producto\/40000psi-pressure-rated-direct-drive-hydro-jet-blasting-machine-parts-for-uraca-high-pressure-cylinder\/\" \/>\n<meta property=\"og:site_name\" content=\"Panwin Machinery&amp;Equipment\" \/>\n<meta property=\"og:image\" content=\"https:\/\/panwinjet.com\/wp-content\/uploads\/2025\/09\/40000psi-Pressure-rated-direct-drive-Hydro-Jet-Blasting-machine-parts-for-URACA-High-pressure-Cylinder-6-scaled.jpg\" \/>\n\t<meta property=\"og:image:width\" content=\"1920\" \/>\n\t<meta property=\"og:image:height\" content=\"2560\" \/>\n\t<meta property=\"og:image:type\" content=\"image\/jpeg\" \/>\n<meta name=\"twitter:card\" content=\"summary_large_image\" \/>\n<meta name=\"twitter:label1\" content=\"Tiempo de lectura\" \/>\n\t<meta name=\"twitter:data1\" content=\"1 minuto\" \/>\n<script type=\"application\/ld+json\" class=\"yoast-schema-graph\">{\"@context\":\"https:\/\/schema.org\",\"@graph\":[{\"@type\":\"WebPage\",\"@id\":\"https:\/\/panwinjet.com\/product\/40000psi-pressure-rated-direct-drive-hydro-jet-blasting-machine-parts-for-uraca-high-pressure-cylinder\/\",\"url\":\"https:\/\/panwinjet.com\/product\/40000psi-pressure-rated-direct-drive-hydro-jet-blasting-machine-parts-for-uraca-high-pressure-cylinder\/\",\"name\":\"40000psi Pressure rated direct drive Hydro-Jet Blasting machine parts for URACA High pressure Cylinder - Panwin Machinery&amp;Equipment\",\"isPartOf\":{\"@id\":\"https:\/\/panwinjet.com\/#website\"},\"primaryImageOfPage\":{\"@id\":\"https:\/\/panwinjet.com\/product\/40000psi-pressure-rated-direct-drive-hydro-jet-blasting-machine-parts-for-uraca-high-pressure-cylinder\/#primaryimage\"},\"image\":{\"@id\":\"https:\/\/panwinjet.com\/product\/40000psi-pressure-rated-direct-drive-hydro-jet-blasting-machine-parts-for-uraca-high-pressure-cylinder\/#primaryimage\"},\"thumbnailUrl\":\"https:\/\/panwinjet.com\/wp-content\/uploads\/2025\/09\/40000psi-Pressure-rated-direct-drive-Hydro-Jet-Blasting-machine-parts-for-URACA-High-pressure-Cylinder-6-scaled.jpg\",\"datePublished\":\"2025-09-20T02:52:12+00:00\",\"breadcrumb\":{\"@id\":\"https:\/\/panwinjet.com\/product\/40000psi-pressure-rated-direct-drive-hydro-jet-blasting-machine-parts-for-uraca-high-pressure-cylinder\/#breadcrumb\"},\"inLanguage\":\"es\",\"potentialAction\":[{\"@type\":\"ReadAction\",\"target\":[\"https:\/\/panwinjet.com\/product\/40000psi-pressure-rated-direct-drive-hydro-jet-blasting-machine-parts-for-uraca-high-pressure-cylinder\/\"]}]},{\"@type\":\"ImageObject\",\"inLanguage\":\"es\",\"@id\":\"https:\/\/panwinjet.com\/product\/40000psi-pressure-rated-direct-drive-hydro-jet-blasting-machine-parts-for-uraca-high-pressure-cylinder\/#primaryimage\",\"url\":\"https:\/\/panwinjet.com\/wp-content\/uploads\/2025\/09\/40000psi-Pressure-rated-direct-drive-Hydro-Jet-Blasting-machine-parts-for-URACA-High-pressure-Cylinder-6-scaled.jpg\",\"contentUrl\":\"https:\/\/panwinjet.com\/wp-content\/uploads\/2025\/09\/40000psi-Pressure-rated-direct-drive-Hydro-Jet-Blasting-machine-parts-for-URACA-High-pressure-Cylinder-6-scaled.jpg\",\"width\":1920,\"height\":2560},{\"@type\":\"BreadcrumbList\",\"@id\":\"https:\/\/panwinjet.com\/product\/40000psi-pressure-rated-direct-drive-hydro-jet-blasting-machine-parts-for-uraca-high-pressure-cylinder\/#breadcrumb\",\"itemListElement\":[{\"@type\":\"ListItem\",\"position\":1,\"name\":\"\u9996\u9875\",\"item\":\"https:\/\/panwinjet.com\/\"},{\"@type\":\"ListItem\",\"position\":2,\"name\":\"PRODUCT\",\"item\":\"https:\/\/panwinjet.com\/product\/\"},{\"@type\":\"ListItem\",\"position\":3,\"name\":\"40000psi Pressure rated direct drive Hydro-Jet Blasting machine parts for URACA High pressure Cylinder\"}]},{\"@type\":\"WebSite\",\"@id\":\"https:\/\/panwinjet.com\/#website\",\"url\":\"https:\/\/panwinjet.com\/\",\"name\":\"Panwin Machinery&amp;Equipment\",\"description\":\"Shenzhen Panwin Machinery&amp;Equipment Co.Ltd\",\"potentialAction\":[{\"@type\":\"SearchAction\",\"target\":{\"@type\":\"EntryPoint\",\"urlTemplate\":\"https:\/\/panwinjet.com\/?s={search_term_string}\"},\"query-input\":{\"@type\":\"PropertyValueSpecification\",\"valueRequired\":true,\"valueName\":\"search_term_string\"}}],\"inLanguage\":\"es\"}]}<\/script>\n<!-- \/ Yoast SEO plugin. -->","yoast_head_json":{"title":"40000psi Pressure rated direct drive Hydro-Jet Blasting machine parts for URACA High pressure Cylinder - Panwin Machinery&amp;Equipment","robots":{"index":"index","follow":"follow","max-snippet":"max-snippet:-1","max-image-preview":"max-image-preview:large","max-video-preview":"max-video-preview:-1"},"canonical":"https:\/\/panwinjet.com\/es\/producto\/40000psi-pressure-rated-direct-drive-hydro-jet-blasting-machine-parts-for-uraca-high-pressure-cylinder\/","og_locale":"es_ES","og_type":"article","og_title":"40000psi Pressure rated direct drive Hydro-Jet Blasting machine parts for URACA High pressure Cylinder - Panwin Machinery&amp;Equipment","og_description":"Feature And Application of 40000psi Pressure rated direct drive Hydro-Jet Blasting machine parts for URACA High pressure Cylinder  The 40000psi Pressure rated direct drive Hydro-Jet Blasting machine parts for URACA High pressure Cylinder\u00a0is made of the high-grade stainless Steel with high quality, it is compatible and replaceable with the URACA original. It is featured:  A:Mirror Inside surface process  B:Aerospace-grade stainless steel to made of  C:High Precision Born better finish process.     Application:  We Panwin supply you the 40000psi Pressure rated direct drive Hydro-Jet Blasting machine parts for URACA High pressure Cylinder\u00a0with reasonable price,it can be applied in surface cleaning,Tank&amp;Vessel Cleaning,Automotive Painting cleaning,Mining industry cleaning,Steel manufacture cleaning, Construction industry\u00a0etc.","og_url":"https:\/\/panwinjet.com\/es\/producto\/40000psi-pressure-rated-direct-drive-hydro-jet-blasting-machine-parts-for-uraca-high-pressure-cylinder\/","og_site_name":"Panwin Machinery&amp;Equipment","og_image":[{"width":1920,"height":2560,"url":"https:\/\/panwinjet.com\/wp-content\/uploads\/2025\/09\/40000psi-Pressure-rated-direct-drive-Hydro-Jet-Blasting-machine-parts-for-URACA-High-pressure-Cylinder-6-scaled.jpg","type":"image\/jpeg"}],"twitter_card":"summary_large_image","twitter_misc":{"Tiempo de lectura":"1 minuto"},"schema":{"@context":"https:\/\/schema.org","@graph":[{"@type":"WebPage","@id":"https:\/\/panwinjet.com\/product\/40000psi-pressure-rated-direct-drive-hydro-jet-blasting-machine-parts-for-uraca-high-pressure-cylinder\/","url":"https:\/\/panwinjet.com\/product\/40000psi-pressure-rated-direct-drive-hydro-jet-blasting-machine-parts-for-uraca-high-pressure-cylinder\/","name":"40000psi Pressure rated direct drive Hydro-Jet Blasting machine parts for URACA High pressure Cylinder - Panwin Machinery&amp;Equipment","isPartOf":{"@id":"https:\/\/panwinjet.com\/#website"},"primaryImageOfPage":{"@id":"https:\/\/panwinjet.com\/product\/40000psi-pressure-rated-direct-drive-hydro-jet-blasting-machine-parts-for-uraca-high-pressure-cylinder\/#primaryimage"},"image":{"@id":"https:\/\/panwinjet.com\/product\/40000psi-pressure-rated-direct-drive-hydro-jet-blasting-machine-parts-for-uraca-high-pressure-cylinder\/#primaryimage"},"thumbnailUrl":"https:\/\/panwinjet.com\/wp-content\/uploads\/2025\/09\/40000psi-Pressure-rated-direct-drive-Hydro-Jet-Blasting-machine-parts-for-URACA-High-pressure-Cylinder-6-scaled.jpg","datePublished":"2025-09-20T02:52:12+00:00","breadcrumb":{"@id":"https:\/\/panwinjet.com\/product\/40000psi-pressure-rated-direct-drive-hydro-jet-blasting-machine-parts-for-uraca-high-pressure-cylinder\/#breadcrumb"},"inLanguage":"es","potentialAction":[{"@type":"ReadAction","target":["https:\/\/panwinjet.com\/product\/40000psi-pressure-rated-direct-drive-hydro-jet-blasting-machine-parts-for-uraca-high-pressure-cylinder\/"]}]},{"@type":"ImageObject","inLanguage":"es","@id":"https:\/\/panwinjet.com\/product\/40000psi-pressure-rated-direct-drive-hydro-jet-blasting-machine-parts-for-uraca-high-pressure-cylinder\/#primaryimage","url":"https:\/\/panwinjet.com\/wp-content\/uploads\/2025\/09\/40000psi-Pressure-rated-direct-drive-Hydro-Jet-Blasting-machine-parts-for-URACA-High-pressure-Cylinder-6-scaled.jpg","contentUrl":"https:\/\/panwinjet.com\/wp-content\/uploads\/2025\/09\/40000psi-Pressure-rated-direct-drive-Hydro-Jet-Blasting-machine-parts-for-URACA-High-pressure-Cylinder-6-scaled.jpg","width":1920,"height":2560},{"@type":"BreadcrumbList","@id":"https:\/\/panwinjet.com\/product\/40000psi-pressure-rated-direct-drive-hydro-jet-blasting-machine-parts-for-uraca-high-pressure-cylinder\/#breadcrumb","itemListElement":[{"@type":"ListItem","position":1,"name":"\u9996\u9875","item":"https:\/\/panwinjet.com\/"},{"@type":"ListItem","position":2,"name":"PRODUCT","item":"https:\/\/panwinjet.com\/product\/"},{"@type":"ListItem","position":3,"name":"40000psi Pressure rated direct drive Hydro-Jet Blasting machine parts for URACA High pressure Cylinder"}]},{"@type":"WebSite","@id":"https:\/\/panwinjet.com\/#website","url":"https:\/\/panwinjet.com\/","name":"Panwin Machinery&amp;Equipment","description":"Shenzhen Panwin Machinery&amp;Equipment Co.Ltd","potentialAction":[{"@type":"SearchAction","target":{"@type":"EntryPoint","urlTemplate":"https:\/\/panwinjet.com\/?s={search_term_string}"},"query-input":{"@type":"PropertyValueSpecification","valueRequired":true,"valueName":"search_term_string"}}],"inLanguage":"es"}]}},"_links":{"self":[{"href":"https:\/\/panwinjet.com\/es\/wp-json\/wp\/v2\/product\/1042","targetHints":{"allow":["GET"]}}],"collection":[{"href":"https:\/\/panwinjet.com\/es\/wp-json\/wp\/v2\/product"}],"about":[{"href":"https:\/\/panwinjet.com\/es\/wp-json\/wp\/v2\/types\/product"}],"wp:featuredmedia":[{"embeddable":true,"href":"https:\/\/panwinjet.com\/es\/wp-json\/wp\/v2\/media\/1045"}],"wp:attachment":[{"href":"https:\/\/panwinjet.com\/es\/wp-json\/wp\/v2\/media?parent=1042"}],"wp:term":[{"taxonomy":"product_brand","embeddable":true,"href":"https:\/\/panwinjet.com\/es\/wp-json\/wp\/v2\/product_brand?post=1042"},{"taxonomy":"product_cat","embeddable":true,"href":"https:\/\/panwinjet.com\/es\/wp-json\/wp\/v2\/product_cat?post=1042"},{"taxonomy":"product_tag","embeddable":true,"href":"https:\/\/panwinjet.com\/es\/wp-json\/wp\/v2\/product_tag?post=1042"}],"curies":[{"name":"wp","href":"https:\/\/api.w.org\/{rel}","templated":true}]}}