{"id":1026,"date":"2025-09-20T01:20:35","date_gmt":"2025-09-20T01:20:35","guid":{"rendered":"https:\/\/panwinjet.com\/?post_type=product&#038;p=1026"},"modified":"2025-09-21T13:30:21","modified_gmt":"2025-09-21T13:30:21","slug":"2500bar-ultra-high-pressure-hydro-jet-offshore-deployment-blasting-machine-component-for-orbital-nozzle-jet-f25","status":"publish","type":"product","link":"https:\/\/panwinjet.com\/es\/producto\/2500bar-ultra-high-pressure-hydro-jet-offshore-deployment-blasting-machine-component-for-orbital-nozzle-jet-f25\/","title":{"rendered":"Componente para m\u00e1quina de chorro hidrost\u00e1tico de ultra alta presi\u00f3n de 2500 bar para despliegue en alta mar, compatible con boquilla orbital Jet F25."},"content":{"rendered":"<p><strong><b>Componente para m\u00e1quina de chorro hidrost\u00e1tico de ultra alta presi\u00f3n de 2500 bar para despliegue en alta mar, compatible con boquilla orbital Jet F25.<\/b><\/strong><\/p>\n<p><strong><b>\u00a0<\/b><\/strong><strong><b>Introducci\u00f3n de <\/b><\/strong><strong><b>Componente para m\u00e1quina de chorro hidrost\u00e1tico de ultra alta presi\u00f3n de 2500 bar para despliegue en alta mar, compatible con boquilla orbital Jet F25.<\/b><\/strong><\/p>\n<p>Este componente para m\u00e1quina de chorro a presi\u00f3n ultra alta de 2500 bar, para despliegue en alta mar y compatible con la boquilla orbital Jet F25, es un conjunto de herramientas de boquillas afiladas para limpieza y tratamiento de superficies. La boquilla orbital Jet F25 combina la alta potencia del chorro puntual con el amplio alcance del chorro plano. Es vers\u00e1til y se puede utilizar con todos los accesorios de alta presi\u00f3n homologados y montarse en lanzas. Es compatible con la boquilla orbital Jet F25.<\/p>\n<p><img decoding=\"async\" class=\"aligncenter size-full wp-image-1031 lazyload\" data-src=\"https:\/\/panwinjet.com\/wp-content\/uploads\/2025\/09\/4Orbital-nozzle-Jet-F25.jpg\" alt=\"\" width=\"1631\" height=\"563\" data-srcset=\"https:\/\/panwinjet.com\/wp-content\/uploads\/2025\/09\/4Orbital-nozzle-Jet-F25.jpg 1631w, https:\/\/panwinjet.com\/wp-content\/uploads\/2025\/09\/4Orbital-nozzle-Jet-F25-500x173.jpg 500w, https:\/\/panwinjet.com\/wp-content\/uploads\/2025\/09\/4Orbital-nozzle-Jet-F25-1200x414.jpg 1200w, https:\/\/panwinjet.com\/wp-content\/uploads\/2025\/09\/4Orbital-nozzle-Jet-F25-300x104.jpg 300w, https:\/\/panwinjet.com\/wp-content\/uploads\/2025\/09\/4Orbital-nozzle-Jet-F25-768x265.jpg 768w, https:\/\/panwinjet.com\/wp-content\/uploads\/2025\/09\/4Orbital-nozzle-Jet-F25-1536x530.jpg 1536w, https:\/\/panwinjet.com\/wp-content\/uploads\/2025\/09\/4Orbital-nozzle-Jet-F25-150x52.jpg 150w, https:\/\/panwinjet.com\/wp-content\/uploads\/2025\/09\/4Orbital-nozzle-Jet-F25-480x166.jpg 480w, https:\/\/panwinjet.com\/wp-content\/uploads\/2025\/09\/4Orbital-nozzle-Jet-F25-800x276.jpg 800w\" data-sizes=\"(max-width:767px) 480px, (max-width:1631px) 100vw, 1631px\" src=\"data:image\/svg+xml;base64,PHN2ZyB3aWR0aD0iMSIgaGVpZ2h0PSIxIiB4bWxucz0iaHR0cDovL3d3dy53My5vcmcvMjAwMC9zdmciPjwvc3ZnPg==\" style=\"--smush-placeholder-width: 1631px; --smush-placeholder-aspect-ratio: 1631\/563;\" \/> <img decoding=\"async\" class=\"aligncenter size-full wp-image-1033 lazyload\" data-src=\"https:\/\/panwinjet.com\/wp-content\/uploads\/2025\/09\/Orbital-nozzle-Jet-F25.jpg\" alt=\"\" width=\"215\" height=\"697\" data-srcset=\"https:\/\/panwinjet.com\/wp-content\/uploads\/2025\/09\/Orbital-nozzle-Jet-F25.jpg 215w, https:\/\/panwinjet.com\/wp-content\/uploads\/2025\/09\/Orbital-nozzle-Jet-F25-154x500.jpg 154w, https:\/\/panwinjet.com\/wp-content\/uploads\/2025\/09\/Orbital-nozzle-Jet-F25-93x300.jpg 93w, https:\/\/panwinjet.com\/wp-content\/uploads\/2025\/09\/Orbital-nozzle-Jet-F25-23x75.jpg 23w\" data-sizes=\"(max-width:767px) 215px, 215px\" src=\"data:image\/svg+xml;base64,PHN2ZyB3aWR0aD0iMSIgaGVpZ2h0PSIxIiB4bWxucz0iaHR0cDovL3d3dy53My5vcmcvMjAwMC9zdmciPjwvc3ZnPg==\" style=\"--smush-placeholder-width: 215px; --smush-placeholder-aspect-ratio: 215\/697;\" \/> <img decoding=\"async\" class=\"aligncenter size-full wp-image-1034 lazyload\" data-src=\"https:\/\/panwinjet.com\/wp-content\/uploads\/2025\/09\/Oribit-\u53c2\u6570.png\" alt=\"\" width=\"587\" height=\"294\" data-srcset=\"https:\/\/panwinjet.com\/wp-content\/uploads\/2025\/09\/Oribit-\u53c2\u6570.png 587w, https:\/\/panwinjet.com\/wp-content\/uploads\/2025\/09\/Oribit-\u53c2\u6570-500x250.png 500w, https:\/\/panwinjet.com\/wp-content\/uploads\/2025\/09\/Oribit-\u53c2\u6570-300x150.png 300w, https:\/\/panwinjet.com\/wp-content\/uploads\/2025\/09\/Oribit-\u53c2\u6570-150x75.png 150w, https:\/\/panwinjet.com\/wp-content\/uploads\/2025\/09\/Oribit-\u53c2\u6570-480x240.png 480w\" data-sizes=\"(max-width:767px) 480px, 587px\" src=\"data:image\/svg+xml;base64,PHN2ZyB3aWR0aD0iMSIgaGVpZ2h0PSIxIiB4bWxucz0iaHR0cDovL3d3dy53My5vcmcvMjAwMC9zdmciPjwvc3ZnPg==\" style=\"--smush-placeholder-width: 587px; --smush-placeholder-aspect-ratio: 587\/294;\" \/><\/p>","protected":false},"excerpt":{"rendered":"<div style=\"width: 1088px;\" class=\"wp-video\"><video class=\"wp-video-shortcode\" id=\"video-1026-1\" width=\"1088\" height=\"1920\" preload=\"metadata\" controls=\"controls\"><source type=\"video\/mp4\" src=\"https:\/\/panwinjet.com\/wp-content\/uploads\/2025\/09\/40kpsi-Pressure-Water-blasting-Vessel-cleaning-machine-parts-UH-Swivel.mp4?_=1\" \/><a href=\"https:\/\/panwinjet.com\/wp-content\/uploads\/2025\/09\/40kpsi-Pressure-Water-blasting-Vessel-cleaning-machine-parts-UH-Swivel.mp4\">https:\/\/panwinjet.com\/wp-content\/uploads\/2025\/09\/40kpsi-Pressure-Water-blasting-Vessel-cleaning-machine-parts-UH-Swivel.mp4<\/a><\/video><\/div>\n<p><strong><b>Par\u00e1metro (Especificaci\u00f3n) de <\/b><\/strong><strong><b>Componente para m\u00e1quina de chorro hidrost\u00e1tico de ultra alta presi\u00f3n de 2500 bar para despliegue en alta mar, compatible con boquilla orbital Jet F25.<\/b><\/strong><\/p>\n<p>El componente para m\u00e1quina de chorro de agua a presi\u00f3n ultra alta de 2500 bar para despliegue en alta mar, compatible con la boquilla orbital Jet F25, puede utilizarse con una presi\u00f3n nominal de hasta 2500 bar y cuenta con dos tipos de rosca de conexi\u00f3n diferentes: M14x1.5 LH HP y 9\/16\u2033-18 UNF LH HP. Es vers\u00e1til para limpieza y tratamiento de superficies, despliegue en alta mar, demolici\u00f3n de hormig\u00f3n, etc. Los par\u00e1metros detallados se muestran a continuaci\u00f3n:<\/p>\n<p>Caracter\u00edsticas y aplicaciones del componente de m\u00e1quina de chorro hidrost\u00e1tico de ultra alta presi\u00f3n de 2500 bar para despliegue en alta mar, para boquilla orbital Jet F25<\/p>\n<p>El componente de m\u00e1quina de chorro hidrost\u00e1tico de ultra alta presi\u00f3n de 2500 bar para despliegue en alta mar, compatible con la boquilla orbital Jet F25, es una boquilla de pulverizaci\u00f3n vers\u00e1til y precisa, que presenta ventajas en muchos aspectos, como se detalla a continuaci\u00f3n:<\/p>\n<p>A: Dise\u00f1o pr\u00e1ctico y f\u00e1cil de instalar y desmontar<\/p>\n<p>B: Potente y constante efecto de pulverizaci\u00f3n a chorro<\/p>\n<p>C: Ligero, duradero y de rendimiento fiable<\/p>\n<p>&nbsp;<\/p>\n<p>Aplicaci\u00f3n: Este componente para m\u00e1quina de chorro a presi\u00f3n ultra alta de 2500 bar para despliegue en alta mar, con boquilla orbital Jet F25, se utiliza en diversas industrias, incluyendo limpieza y tratamiento de superficies, construcci\u00f3n naval, despliegue en alta mar, demolici\u00f3n de hormig\u00f3n, eliminaci\u00f3n de capas de bet\u00fan, etc.<\/p>","protected":false},"featured_media":1027,"template":"","meta":[],"product_brand":[],"product_cat":[5],"product_tag":[],"class_list":{"0":"post-1026","1":"product","2":"type-product","3":"status-publish","4":"has-post-thumbnail","6":"product_cat-uhp-rotating-nozzles","8":"first","9":"instock","10":"shipping-taxable","11":"product-type-simple"},"yoast_head":"<!-- This site is optimized with the Yoast SEO plugin v24.9 - https:\/\/yoast.com\/wordpress\/plugins\/seo\/ -->\n<title>2500Bar Ultra-high pressure hydro Jet Offshore deployment Blasting machine component for Orbital nozzle Jet F25 - Panwin Machinery&amp;Equipment<\/title>\n<meta name=\"robots\" content=\"index, follow, max-snippet:-1, max-image-preview:large, max-video-preview:-1\" \/>\n<link rel=\"canonical\" href=\"https:\/\/panwinjet.com\/es\/producto\/2500bar-ultra-high-pressure-hydro-jet-offshore-deployment-blasting-machine-component-for-orbital-nozzle-jet-f25\/\" \/>\n<meta property=\"og:locale\" content=\"es_ES\" \/>\n<meta property=\"og:type\" content=\"article\" \/>\n<meta property=\"og:title\" content=\"2500Bar Ultra-high pressure hydro Jet Offshore deployment Blasting machine component for Orbital nozzle Jet F25 - Panwin Machinery&amp;Equipment\" \/>\n<meta property=\"og:description\" content=\"Parameter (Specification) of 2500Bar Ultra-high pressure hydro Jet Offshore deployment Blasting machine component for Orbital nozzle Jet F25  The 2500Bar Ultra-high pressure hydro Jet Offshore deployment Blasting machine component for Orbital nozzle Jet F25\u00a0can be applied to pressure rated up to 2500Bar,with two different connection thread type,M14x1.5 LH HP and 9\/16&quot;-18 UNF LH HP, it is versatile for Surface cleaning and treatment,Offshore deployment,Concrete demolition etc, details parameter as follows:  Feature And Application of 2500Bar Ultra-high pressure hydro Jet Offshore deployment Blasting machine component for Orbital nozzle Jet F25  The 2500Bar Ultra-high pressure hydro Jet Offshore deployment Blasting machine component for Orbital nozzle Jet F25\u00a0is the versatile and sharp spraying nozzles, it is featured advantage in many aspects as follows:  A:Convenient and easy install and disassembly design  B:Powerful and constant stream Jet spraying effect  C:Light-Weight,long-life and reliable performance  &nbsp;  Application:This 2500Bar Ultra-high pressure hydro Jet Offshore deployment Blasting machine component for Orbital nozzle Jet F25\u00a0applied to many industry including, Surface cleaning&amp;Treatment,Shipbuilding,Offshore deployment,Concrete demolition,Removal of bitumen layers etc\" \/>\n<meta property=\"og:url\" content=\"https:\/\/panwinjet.com\/es\/producto\/2500bar-ultra-high-pressure-hydro-jet-offshore-deployment-blasting-machine-component-for-orbital-nozzle-jet-f25\/\" \/>\n<meta property=\"og:site_name\" content=\"Panwin Machinery&amp;Equipment\" \/>\n<meta property=\"article:modified_time\" content=\"2025-09-21T13:30:21+00:00\" \/>\n<meta property=\"og:image\" content=\"https:\/\/panwinjet.com\/wp-content\/uploads\/2025\/09\/2500Bar-Ultra-high-pressure-hydro-Jet-Offshore-deployment-Blasting-machine-component-for-Orbital-nozzle-Jet-F25-5-scaled.jpg\" \/>\n\t<meta property=\"og:image:width\" content=\"1920\" \/>\n\t<meta property=\"og:image:height\" content=\"2560\" \/>\n\t<meta property=\"og:image:type\" content=\"image\/jpeg\" \/>\n<meta name=\"twitter:card\" content=\"summary_large_image\" \/>\n<meta name=\"twitter:label1\" content=\"Tiempo de lectura\" \/>\n\t<meta name=\"twitter:data1\" content=\"2 minutos\" \/>\n<script type=\"application\/ld+json\" class=\"yoast-schema-graph\">{\"@context\":\"https:\/\/schema.org\",\"@graph\":[{\"@type\":\"WebPage\",\"@id\":\"https:\/\/panwinjet.com\/product\/2500bar-ultra-high-pressure-hydro-jet-offshore-deployment-blasting-machine-component-for-orbital-nozzle-jet-f25\/\",\"url\":\"https:\/\/panwinjet.com\/product\/2500bar-ultra-high-pressure-hydro-jet-offshore-deployment-blasting-machine-component-for-orbital-nozzle-jet-f25\/\",\"name\":\"2500Bar Ultra-high pressure hydro Jet Offshore deployment Blasting machine component for Orbital nozzle Jet F25 - Panwin Machinery&amp;Equipment\",\"isPartOf\":{\"@id\":\"https:\/\/panwinjet.com\/#website\"},\"primaryImageOfPage\":{\"@id\":\"https:\/\/panwinjet.com\/product\/2500bar-ultra-high-pressure-hydro-jet-offshore-deployment-blasting-machine-component-for-orbital-nozzle-jet-f25\/#primaryimage\"},\"image\":{\"@id\":\"https:\/\/panwinjet.com\/product\/2500bar-ultra-high-pressure-hydro-jet-offshore-deployment-blasting-machine-component-for-orbital-nozzle-jet-f25\/#primaryimage\"},\"thumbnailUrl\":\"https:\/\/panwinjet.com\/wp-content\/uploads\/2025\/09\/2500Bar-Ultra-high-pressure-hydro-Jet-Offshore-deployment-Blasting-machine-component-for-Orbital-nozzle-Jet-F25-5-scaled.jpg\",\"datePublished\":\"2025-09-20T01:20:35+00:00\",\"dateModified\":\"2025-09-21T13:30:21+00:00\",\"breadcrumb\":{\"@id\":\"https:\/\/panwinjet.com\/product\/2500bar-ultra-high-pressure-hydro-jet-offshore-deployment-blasting-machine-component-for-orbital-nozzle-jet-f25\/#breadcrumb\"},\"inLanguage\":\"es\",\"potentialAction\":[{\"@type\":\"ReadAction\",\"target\":[\"https:\/\/panwinjet.com\/product\/2500bar-ultra-high-pressure-hydro-jet-offshore-deployment-blasting-machine-component-for-orbital-nozzle-jet-f25\/\"]}]},{\"@type\":\"ImageObject\",\"inLanguage\":\"es\",\"@id\":\"https:\/\/panwinjet.com\/product\/2500bar-ultra-high-pressure-hydro-jet-offshore-deployment-blasting-machine-component-for-orbital-nozzle-jet-f25\/#primaryimage\",\"url\":\"https:\/\/panwinjet.com\/wp-content\/uploads\/2025\/09\/2500Bar-Ultra-high-pressure-hydro-Jet-Offshore-deployment-Blasting-machine-component-for-Orbital-nozzle-Jet-F25-5-scaled.jpg\",\"contentUrl\":\"https:\/\/panwinjet.com\/wp-content\/uploads\/2025\/09\/2500Bar-Ultra-high-pressure-hydro-Jet-Offshore-deployment-Blasting-machine-component-for-Orbital-nozzle-Jet-F25-5-scaled.jpg\",\"width\":1920,\"height\":2560},{\"@type\":\"BreadcrumbList\",\"@id\":\"https:\/\/panwinjet.com\/product\/2500bar-ultra-high-pressure-hydro-jet-offshore-deployment-blasting-machine-component-for-orbital-nozzle-jet-f25\/#breadcrumb\",\"itemListElement\":[{\"@type\":\"ListItem\",\"position\":1,\"name\":\"\u9996\u9875\",\"item\":\"https:\/\/panwinjet.com\/\"},{\"@type\":\"ListItem\",\"position\":2,\"name\":\"PRODUCT\",\"item\":\"https:\/\/panwinjet.com\/product\/\"},{\"@type\":\"ListItem\",\"position\":3,\"name\":\"2500Bar Ultra-high pressure hydro Jet Offshore deployment Blasting machine component for Orbital nozzle Jet F25\"}]},{\"@type\":\"WebSite\",\"@id\":\"https:\/\/panwinjet.com\/#website\",\"url\":\"https:\/\/panwinjet.com\/\",\"name\":\"Panwin Machinery&amp;Equipment\",\"description\":\"Shenzhen Panwin Machinery&amp;Equipment Co.Ltd\",\"potentialAction\":[{\"@type\":\"SearchAction\",\"target\":{\"@type\":\"EntryPoint\",\"urlTemplate\":\"https:\/\/panwinjet.com\/?s={search_term_string}\"},\"query-input\":{\"@type\":\"PropertyValueSpecification\",\"valueRequired\":true,\"valueName\":\"search_term_string\"}}],\"inLanguage\":\"es\"}]}<\/script>\n<!-- \/ Yoast SEO plugin. -->","yoast_head_json":{"title":"2500Bar Ultra-high pressure hydro Jet Offshore deployment Blasting machine component for Orbital nozzle Jet F25 - Panwin Machinery&amp;Equipment","robots":{"index":"index","follow":"follow","max-snippet":"max-snippet:-1","max-image-preview":"max-image-preview:large","max-video-preview":"max-video-preview:-1"},"canonical":"https:\/\/panwinjet.com\/es\/producto\/2500bar-ultra-high-pressure-hydro-jet-offshore-deployment-blasting-machine-component-for-orbital-nozzle-jet-f25\/","og_locale":"es_ES","og_type":"article","og_title":"2500Bar Ultra-high pressure hydro Jet Offshore deployment Blasting machine component for Orbital nozzle Jet F25 - Panwin Machinery&amp;Equipment","og_description":"Parameter (Specification) of 2500Bar Ultra-high pressure hydro Jet Offshore deployment Blasting machine component for Orbital nozzle Jet F25  The 2500Bar Ultra-high pressure hydro Jet Offshore deployment Blasting machine component for Orbital nozzle Jet F25\u00a0can be applied to pressure rated up to 2500Bar,with two different connection thread type,M14x1.5 LH HP and 9\/16\"-18 UNF LH HP, it is versatile for Surface cleaning and treatment,Offshore deployment,Concrete demolition etc, details parameter as follows:  Feature And Application of 2500Bar Ultra-high pressure hydro Jet Offshore deployment Blasting machine component for Orbital nozzle Jet F25  The 2500Bar Ultra-high pressure hydro Jet Offshore deployment Blasting machine component for Orbital nozzle Jet F25\u00a0is the versatile and sharp spraying nozzles, it is featured advantage in many aspects as follows:  A:Convenient and easy install and disassembly design  B:Powerful and constant stream Jet spraying effect  C:Light-Weight,long-life and reliable performance  &nbsp;  Application:This 2500Bar Ultra-high pressure hydro Jet Offshore deployment Blasting machine component for Orbital nozzle Jet F25\u00a0applied to many industry including, Surface cleaning&amp;Treatment,Shipbuilding,Offshore deployment,Concrete demolition,Removal of bitumen layers etc","og_url":"https:\/\/panwinjet.com\/es\/producto\/2500bar-ultra-high-pressure-hydro-jet-offshore-deployment-blasting-machine-component-for-orbital-nozzle-jet-f25\/","og_site_name":"Panwin Machinery&amp;Equipment","article_modified_time":"2025-09-21T13:30:21+00:00","og_image":[{"width":1920,"height":2560,"url":"https:\/\/panwinjet.com\/wp-content\/uploads\/2025\/09\/2500Bar-Ultra-high-pressure-hydro-Jet-Offshore-deployment-Blasting-machine-component-for-Orbital-nozzle-Jet-F25-5-scaled.jpg","type":"image\/jpeg"}],"twitter_card":"summary_large_image","twitter_misc":{"Tiempo de lectura":"2 minutos"},"schema":{"@context":"https:\/\/schema.org","@graph":[{"@type":"WebPage","@id":"https:\/\/panwinjet.com\/product\/2500bar-ultra-high-pressure-hydro-jet-offshore-deployment-blasting-machine-component-for-orbital-nozzle-jet-f25\/","url":"https:\/\/panwinjet.com\/product\/2500bar-ultra-high-pressure-hydro-jet-offshore-deployment-blasting-machine-component-for-orbital-nozzle-jet-f25\/","name":"2500Bar Ultra-high pressure hydro Jet Offshore deployment Blasting machine component for Orbital nozzle Jet F25 - Panwin Machinery&amp;Equipment","isPartOf":{"@id":"https:\/\/panwinjet.com\/#website"},"primaryImageOfPage":{"@id":"https:\/\/panwinjet.com\/product\/2500bar-ultra-high-pressure-hydro-jet-offshore-deployment-blasting-machine-component-for-orbital-nozzle-jet-f25\/#primaryimage"},"image":{"@id":"https:\/\/panwinjet.com\/product\/2500bar-ultra-high-pressure-hydro-jet-offshore-deployment-blasting-machine-component-for-orbital-nozzle-jet-f25\/#primaryimage"},"thumbnailUrl":"https:\/\/panwinjet.com\/wp-content\/uploads\/2025\/09\/2500Bar-Ultra-high-pressure-hydro-Jet-Offshore-deployment-Blasting-machine-component-for-Orbital-nozzle-Jet-F25-5-scaled.jpg","datePublished":"2025-09-20T01:20:35+00:00","dateModified":"2025-09-21T13:30:21+00:00","breadcrumb":{"@id":"https:\/\/panwinjet.com\/product\/2500bar-ultra-high-pressure-hydro-jet-offshore-deployment-blasting-machine-component-for-orbital-nozzle-jet-f25\/#breadcrumb"},"inLanguage":"es","potentialAction":[{"@type":"ReadAction","target":["https:\/\/panwinjet.com\/product\/2500bar-ultra-high-pressure-hydro-jet-offshore-deployment-blasting-machine-component-for-orbital-nozzle-jet-f25\/"]}]},{"@type":"ImageObject","inLanguage":"es","@id":"https:\/\/panwinjet.com\/product\/2500bar-ultra-high-pressure-hydro-jet-offshore-deployment-blasting-machine-component-for-orbital-nozzle-jet-f25\/#primaryimage","url":"https:\/\/panwinjet.com\/wp-content\/uploads\/2025\/09\/2500Bar-Ultra-high-pressure-hydro-Jet-Offshore-deployment-Blasting-machine-component-for-Orbital-nozzle-Jet-F25-5-scaled.jpg","contentUrl":"https:\/\/panwinjet.com\/wp-content\/uploads\/2025\/09\/2500Bar-Ultra-high-pressure-hydro-Jet-Offshore-deployment-Blasting-machine-component-for-Orbital-nozzle-Jet-F25-5-scaled.jpg","width":1920,"height":2560},{"@type":"BreadcrumbList","@id":"https:\/\/panwinjet.com\/product\/2500bar-ultra-high-pressure-hydro-jet-offshore-deployment-blasting-machine-component-for-orbital-nozzle-jet-f25\/#breadcrumb","itemListElement":[{"@type":"ListItem","position":1,"name":"\u9996\u9875","item":"https:\/\/panwinjet.com\/"},{"@type":"ListItem","position":2,"name":"PRODUCT","item":"https:\/\/panwinjet.com\/product\/"},{"@type":"ListItem","position":3,"name":"2500Bar Ultra-high pressure hydro Jet Offshore deployment Blasting machine component for Orbital nozzle Jet F25"}]},{"@type":"WebSite","@id":"https:\/\/panwinjet.com\/#website","url":"https:\/\/panwinjet.com\/","name":"Panwin Machinery&amp;Equipment","description":"Shenzhen Panwin Machinery&amp;Equipment Co.Ltd","potentialAction":[{"@type":"SearchAction","target":{"@type":"EntryPoint","urlTemplate":"https:\/\/panwinjet.com\/?s={search_term_string}"},"query-input":{"@type":"PropertyValueSpecification","valueRequired":true,"valueName":"search_term_string"}}],"inLanguage":"es"}]}},"_links":{"self":[{"href":"https:\/\/panwinjet.com\/es\/wp-json\/wp\/v2\/product\/1026","targetHints":{"allow":["GET"]}}],"collection":[{"href":"https:\/\/panwinjet.com\/es\/wp-json\/wp\/v2\/product"}],"about":[{"href":"https:\/\/panwinjet.com\/es\/wp-json\/wp\/v2\/types\/product"}],"wp:featuredmedia":[{"embeddable":true,"href":"https:\/\/panwinjet.com\/es\/wp-json\/wp\/v2\/media\/1027"}],"wp:attachment":[{"href":"https:\/\/panwinjet.com\/es\/wp-json\/wp\/v2\/media?parent=1026"}],"wp:term":[{"taxonomy":"product_brand","embeddable":true,"href":"https:\/\/panwinjet.com\/es\/wp-json\/wp\/v2\/product_brand?post=1026"},{"taxonomy":"product_cat","embeddable":true,"href":"https:\/\/panwinjet.com\/es\/wp-json\/wp\/v2\/product_cat?post=1026"},{"taxonomy":"product_tag","embeddable":true,"href":"https:\/\/panwinjet.com\/es\/wp-json\/wp\/v2\/product_tag?post=1026"}],"curies":[{"name":"wp","href":"https:\/\/api.w.org\/{rel}","templated":true}]}}