{"id":1001,"date":"2025-09-20T00:58:49","date_gmt":"2025-09-20T00:58:49","guid":{"rendered":"https:\/\/panwinjet.com\/?post_type=product&#038;p=1001"},"modified":"2025-09-20T00:58:49","modified_gmt":"2025-09-20T00:58:49","slug":"46kpsi-ultra-high-pressure-hydro-jet-blasting-machine-parts-46kpsi-hammelmann-plunger","status":"publish","type":"product","link":"https:\/\/panwinjet.com\/es\/producto\/46kpsi-ultra-high-pressure-hydro-jet-blasting-machine-parts-46kpsi-hammelmann-plunger\/","title":{"rendered":"Piezas para m\u00e1quina de chorro de agua a presi\u00f3n ultra alta de 46 kpsi. \u00c9mbolo Hammelmann de 46 kpsi."},"content":{"rendered":"<p><strong><b>1.<\/b><\/strong><strong><b>Introducci\u00f3n del producto de piezas de la m\u00e1quina de chorro de agua a presi\u00f3n ultraalta de 46 kpsi, \u00e9mbolo Hammelmann de 46 kpsi<\/b><\/strong><\/p>\n<p><strong><b>Este <\/b><\/strong><strong><b>Piezas de m\u00e1quina de chorro de agua de ultra alta presi\u00f3n de 46 kpsi, \u00e9mbolo HMA de 46 kpsi<\/b><\/strong><strong><b>\u00a0Se utiliza en la bomba HMA 46000PSI, es compatible con el \u00e9mbolo HMA original.<\/b><\/strong><\/p>\n<p><strong><b>Par\u00e1metros (especificaci\u00f3n) de piezas de la m\u00e1quina de chorro de agua de ultra alta presi\u00f3n de 46 kpsi, \u00e9mbolo Hammelmann de 46 kpsi<\/b><\/strong><\/p>\n<p>El <strong><b>Piezas para m\u00e1quina de chorro de agua a presi\u00f3n ultra alta de 46 kpsi. \u00c9mbolo Hammelmann de 46 kpsi.<\/b><\/strong><strong><b>\u00a0es<\/b><\/strong><strong><b>\u00a0Fabricado en acero inoxidable de grado aeroespacial de alto nivel con un excelente revestimiento. <\/b><\/strong><strong><b>fabricar <\/b><\/strong><strong><b>proceso<\/b><\/strong><strong><b>, es reemplazable y compatible con la bomba Hammelmann 46000PSI.<\/b><\/strong><\/p>","protected":false},"excerpt":{"rendered":"<p><strong><b>Caracter\u00edsticas y aplicaciones de <\/b><\/strong><strong><b>Piezas de m\u00e1quina de chorro de agua a presi\u00f3n ultraalta de 46 kpsi, \u00e9mbolo Hammelmann de 46 kpsi<\/b><\/strong><\/p>\n<p>El \u00e9mbolo Hammelmann de 46 kpsi para la m\u00e1quina de chorro ultraalto Hydro Jet de 46 kpsi est\u00e1 fabricado con materiales de excelente calidad y es duradero.<\/p>\n<p>A: Material de alta calidad, de nivel aeroespacial, para fabricar<\/p>\n<p>B: Proceso de fabricaci\u00f3n de rectificado de precisi\u00f3n<\/p>\n<p>C: Forma de fabricaci\u00f3n de revestimiento antifricci\u00f3n.<\/p>\n<p>Solicitud:<\/p>\n<p>Esta m\u00e1quina de chorro de agua a presi\u00f3n ultraalta de 46 Kpsi, pieza del \u00e9mbolo Hammelmann de 46 kpsi, es un componente clave de la bomba con clasificaci\u00f3n de presi\u00f3n Hammelmann de 46 KPSI, se puede utilizar en la limpieza general de superficies, limpieza de tuber\u00edas, limpieza de intercambio de calor, pintura hidr\u00e1ulica y limpieza de \u00f3xido, etc.<\/p>","protected":false},"featured_media":1004,"template":"","meta":[],"product_brand":[],"product_cat":[7],"product_tag":[],"class_list":{"0":"post-1001","1":"product","2":"type-product","3":"status-publish","4":"has-post-thumbnail","6":"product_cat-jetstream-pump-fluid-end-compatibe-parts","8":"first","9":"instock","10":"shipping-taxable","11":"product-type-simple"},"yoast_head":"<!-- This site is optimized with the Yoast SEO plugin v24.9 - https:\/\/yoast.com\/wordpress\/plugins\/seo\/ -->\n<title>46Kpsi Ultra-high pressure Hydro Jet blasting machine parts 46kpsi Hammelmann plunger - Panwin Machinery&amp;Equipment<\/title>\n<meta name=\"robots\" content=\"index, follow, max-snippet:-1, max-image-preview:large, max-video-preview:-1\" \/>\n<link rel=\"canonical\" href=\"https:\/\/panwinjet.com\/es\/producto\/46kpsi-ultra-high-pressure-hydro-jet-blasting-machine-parts-46kpsi-hammelmann-plunger\/\" \/>\n<meta property=\"og:locale\" content=\"es_ES\" \/>\n<meta property=\"og:type\" content=\"article\" \/>\n<meta property=\"og:title\" content=\"46Kpsi Ultra-high pressure Hydro Jet blasting machine parts 46kpsi Hammelmann plunger - Panwin Machinery&amp;Equipment\" \/>\n<meta property=\"og:description\" content=\"Feature And Application of 46Kpsi Ultra-high pressure Hydro Jet blasting machine parts 46kpsi Hammelmannplunger  The 46Kpsi Ultra-high pressure Hydro Jet blasting machine parts 46kpsi Hammelmann plunger is excellent quality material, it is durable. It is featured  A: High grade aerospace level material to made of  B:Precise grinding manufacture process  C:Anti-friction coating manufacture way.  Application:  This 46Kpsi Ultra-high pressure Hydro Jet blasting machine parts 46kpsi Hammelmann plunger is key component of the Hammelmann 46KPSI Pressure rated Pump,it can be used in the general surface cleaning, pipeline tubing cleaning, the heat-exchange cleaning, Hydro Painting &amp;Rust cleaning etc.\" \/>\n<meta property=\"og:url\" content=\"https:\/\/panwinjet.com\/es\/producto\/46kpsi-ultra-high-pressure-hydro-jet-blasting-machine-parts-46kpsi-hammelmann-plunger\/\" \/>\n<meta property=\"og:site_name\" content=\"Panwin Machinery&amp;Equipment\" \/>\n<meta property=\"og:image\" content=\"https:\/\/panwinjet.com\/wp-content\/uploads\/2025\/09\/46Kpsi-Ultra-high-pressure-Hydro-Jet-blasting-machine-parts-compatible-with-46kpsi-HMA-plunger-6-scaled.jpg\" \/>\n\t<meta property=\"og:image:width\" content=\"2560\" \/>\n\t<meta property=\"og:image:height\" content=\"1920\" \/>\n\t<meta property=\"og:image:type\" content=\"image\/jpeg\" \/>\n<meta name=\"twitter:card\" content=\"summary_large_image\" \/>\n<meta name=\"twitter:label1\" content=\"Tiempo de lectura\" \/>\n\t<meta name=\"twitter:data1\" content=\"1 minuto\" \/>\n<script type=\"application\/ld+json\" class=\"yoast-schema-graph\">{\"@context\":\"https:\/\/schema.org\",\"@graph\":[{\"@type\":\"WebPage\",\"@id\":\"https:\/\/panwinjet.com\/product\/46kpsi-ultra-high-pressure-hydro-jet-blasting-machine-parts-46kpsi-hammelmann-plunger\/\",\"url\":\"https:\/\/panwinjet.com\/product\/46kpsi-ultra-high-pressure-hydro-jet-blasting-machine-parts-46kpsi-hammelmann-plunger\/\",\"name\":\"46Kpsi Ultra-high pressure Hydro Jet blasting machine parts 46kpsi Hammelmann plunger - Panwin Machinery&amp;Equipment\",\"isPartOf\":{\"@id\":\"https:\/\/panwinjet.com\/#website\"},\"primaryImageOfPage\":{\"@id\":\"https:\/\/panwinjet.com\/product\/46kpsi-ultra-high-pressure-hydro-jet-blasting-machine-parts-46kpsi-hammelmann-plunger\/#primaryimage\"},\"image\":{\"@id\":\"https:\/\/panwinjet.com\/product\/46kpsi-ultra-high-pressure-hydro-jet-blasting-machine-parts-46kpsi-hammelmann-plunger\/#primaryimage\"},\"thumbnailUrl\":\"https:\/\/panwinjet.com\/wp-content\/uploads\/2025\/09\/46Kpsi-Ultra-high-pressure-Hydro-Jet-blasting-machine-parts-compatible-with-46kpsi-HMA-plunger-6-scaled.jpg\",\"datePublished\":\"2025-09-20T00:58:49+00:00\",\"breadcrumb\":{\"@id\":\"https:\/\/panwinjet.com\/product\/46kpsi-ultra-high-pressure-hydro-jet-blasting-machine-parts-46kpsi-hammelmann-plunger\/#breadcrumb\"},\"inLanguage\":\"es\",\"potentialAction\":[{\"@type\":\"ReadAction\",\"target\":[\"https:\/\/panwinjet.com\/product\/46kpsi-ultra-high-pressure-hydro-jet-blasting-machine-parts-46kpsi-hammelmann-plunger\/\"]}]},{\"@type\":\"ImageObject\",\"inLanguage\":\"es\",\"@id\":\"https:\/\/panwinjet.com\/product\/46kpsi-ultra-high-pressure-hydro-jet-blasting-machine-parts-46kpsi-hammelmann-plunger\/#primaryimage\",\"url\":\"https:\/\/panwinjet.com\/wp-content\/uploads\/2025\/09\/46Kpsi-Ultra-high-pressure-Hydro-Jet-blasting-machine-parts-compatible-with-46kpsi-HMA-plunger-6-scaled.jpg\",\"contentUrl\":\"https:\/\/panwinjet.com\/wp-content\/uploads\/2025\/09\/46Kpsi-Ultra-high-pressure-Hydro-Jet-blasting-machine-parts-compatible-with-46kpsi-HMA-plunger-6-scaled.jpg\",\"width\":2560,\"height\":1920},{\"@type\":\"BreadcrumbList\",\"@id\":\"https:\/\/panwinjet.com\/product\/46kpsi-ultra-high-pressure-hydro-jet-blasting-machine-parts-46kpsi-hammelmann-plunger\/#breadcrumb\",\"itemListElement\":[{\"@type\":\"ListItem\",\"position\":1,\"name\":\"\u9996\u9875\",\"item\":\"https:\/\/panwinjet.com\/\"},{\"@type\":\"ListItem\",\"position\":2,\"name\":\"PRODUCT\",\"item\":\"https:\/\/panwinjet.com\/product\/\"},{\"@type\":\"ListItem\",\"position\":3,\"name\":\"46Kpsi Ultra-high pressure Hydro Jet blasting machine parts 46kpsi Hammelmann plunger\"}]},{\"@type\":\"WebSite\",\"@id\":\"https:\/\/panwinjet.com\/#website\",\"url\":\"https:\/\/panwinjet.com\/\",\"name\":\"Panwin Machinery&amp;Equipment\",\"description\":\"Shenzhen Panwin Machinery&amp;Equipment Co.Ltd\",\"potentialAction\":[{\"@type\":\"SearchAction\",\"target\":{\"@type\":\"EntryPoint\",\"urlTemplate\":\"https:\/\/panwinjet.com\/?s={search_term_string}\"},\"query-input\":{\"@type\":\"PropertyValueSpecification\",\"valueRequired\":true,\"valueName\":\"search_term_string\"}}],\"inLanguage\":\"es\"}]}<\/script>\n<!-- \/ Yoast SEO plugin. -->","yoast_head_json":{"title":"46Kpsi Ultra-high pressure Hydro Jet blasting machine parts 46kpsi Hammelmann plunger - Panwin Machinery&amp;Equipment","robots":{"index":"index","follow":"follow","max-snippet":"max-snippet:-1","max-image-preview":"max-image-preview:large","max-video-preview":"max-video-preview:-1"},"canonical":"https:\/\/panwinjet.com\/es\/producto\/46kpsi-ultra-high-pressure-hydro-jet-blasting-machine-parts-46kpsi-hammelmann-plunger\/","og_locale":"es_ES","og_type":"article","og_title":"46Kpsi Ultra-high pressure Hydro Jet blasting machine parts 46kpsi Hammelmann plunger - Panwin Machinery&amp;Equipment","og_description":"Feature And Application of 46Kpsi Ultra-high pressure Hydro Jet blasting machine parts 46kpsi Hammelmannplunger  The 46Kpsi Ultra-high pressure Hydro Jet blasting machine parts 46kpsi Hammelmann plunger is excellent quality material, it is durable. It is featured  A: High grade aerospace level material to made of  B:Precise grinding manufacture process  C:Anti-friction coating manufacture way.  Application:  This 46Kpsi Ultra-high pressure Hydro Jet blasting machine parts 46kpsi Hammelmann plunger is key component of the Hammelmann 46KPSI Pressure rated Pump,it can be used in the general surface cleaning, pipeline tubing cleaning, the heat-exchange cleaning, Hydro Painting &amp;Rust cleaning etc.","og_url":"https:\/\/panwinjet.com\/es\/producto\/46kpsi-ultra-high-pressure-hydro-jet-blasting-machine-parts-46kpsi-hammelmann-plunger\/","og_site_name":"Panwin Machinery&amp;Equipment","og_image":[{"width":2560,"height":1920,"url":"https:\/\/panwinjet.com\/wp-content\/uploads\/2025\/09\/46Kpsi-Ultra-high-pressure-Hydro-Jet-blasting-machine-parts-compatible-with-46kpsi-HMA-plunger-6-scaled.jpg","type":"image\/jpeg"}],"twitter_card":"summary_large_image","twitter_misc":{"Tiempo de lectura":"1 minuto"},"schema":{"@context":"https:\/\/schema.org","@graph":[{"@type":"WebPage","@id":"https:\/\/panwinjet.com\/product\/46kpsi-ultra-high-pressure-hydro-jet-blasting-machine-parts-46kpsi-hammelmann-plunger\/","url":"https:\/\/panwinjet.com\/product\/46kpsi-ultra-high-pressure-hydro-jet-blasting-machine-parts-46kpsi-hammelmann-plunger\/","name":"46Kpsi Ultra-high pressure Hydro Jet blasting machine parts 46kpsi Hammelmann plunger - Panwin Machinery&amp;Equipment","isPartOf":{"@id":"https:\/\/panwinjet.com\/#website"},"primaryImageOfPage":{"@id":"https:\/\/panwinjet.com\/product\/46kpsi-ultra-high-pressure-hydro-jet-blasting-machine-parts-46kpsi-hammelmann-plunger\/#primaryimage"},"image":{"@id":"https:\/\/panwinjet.com\/product\/46kpsi-ultra-high-pressure-hydro-jet-blasting-machine-parts-46kpsi-hammelmann-plunger\/#primaryimage"},"thumbnailUrl":"https:\/\/panwinjet.com\/wp-content\/uploads\/2025\/09\/46Kpsi-Ultra-high-pressure-Hydro-Jet-blasting-machine-parts-compatible-with-46kpsi-HMA-plunger-6-scaled.jpg","datePublished":"2025-09-20T00:58:49+00:00","breadcrumb":{"@id":"https:\/\/panwinjet.com\/product\/46kpsi-ultra-high-pressure-hydro-jet-blasting-machine-parts-46kpsi-hammelmann-plunger\/#breadcrumb"},"inLanguage":"es","potentialAction":[{"@type":"ReadAction","target":["https:\/\/panwinjet.com\/product\/46kpsi-ultra-high-pressure-hydro-jet-blasting-machine-parts-46kpsi-hammelmann-plunger\/"]}]},{"@type":"ImageObject","inLanguage":"es","@id":"https:\/\/panwinjet.com\/product\/46kpsi-ultra-high-pressure-hydro-jet-blasting-machine-parts-46kpsi-hammelmann-plunger\/#primaryimage","url":"https:\/\/panwinjet.com\/wp-content\/uploads\/2025\/09\/46Kpsi-Ultra-high-pressure-Hydro-Jet-blasting-machine-parts-compatible-with-46kpsi-HMA-plunger-6-scaled.jpg","contentUrl":"https:\/\/panwinjet.com\/wp-content\/uploads\/2025\/09\/46Kpsi-Ultra-high-pressure-Hydro-Jet-blasting-machine-parts-compatible-with-46kpsi-HMA-plunger-6-scaled.jpg","width":2560,"height":1920},{"@type":"BreadcrumbList","@id":"https:\/\/panwinjet.com\/product\/46kpsi-ultra-high-pressure-hydro-jet-blasting-machine-parts-46kpsi-hammelmann-plunger\/#breadcrumb","itemListElement":[{"@type":"ListItem","position":1,"name":"\u9996\u9875","item":"https:\/\/panwinjet.com\/"},{"@type":"ListItem","position":2,"name":"PRODUCT","item":"https:\/\/panwinjet.com\/product\/"},{"@type":"ListItem","position":3,"name":"46Kpsi Ultra-high pressure Hydro Jet blasting machine parts 46kpsi Hammelmann plunger"}]},{"@type":"WebSite","@id":"https:\/\/panwinjet.com\/#website","url":"https:\/\/panwinjet.com\/","name":"Panwin Machinery&amp;Equipment","description":"Shenzhen Panwin Machinery&amp;Equipment Co.Ltd","potentialAction":[{"@type":"SearchAction","target":{"@type":"EntryPoint","urlTemplate":"https:\/\/panwinjet.com\/?s={search_term_string}"},"query-input":{"@type":"PropertyValueSpecification","valueRequired":true,"valueName":"search_term_string"}}],"inLanguage":"es"}]}},"_links":{"self":[{"href":"https:\/\/panwinjet.com\/es\/wp-json\/wp\/v2\/product\/1001","targetHints":{"allow":["GET"]}}],"collection":[{"href":"https:\/\/panwinjet.com\/es\/wp-json\/wp\/v2\/product"}],"about":[{"href":"https:\/\/panwinjet.com\/es\/wp-json\/wp\/v2\/types\/product"}],"wp:featuredmedia":[{"embeddable":true,"href":"https:\/\/panwinjet.com\/es\/wp-json\/wp\/v2\/media\/1004"}],"wp:attachment":[{"href":"https:\/\/panwinjet.com\/es\/wp-json\/wp\/v2\/media?parent=1001"}],"wp:term":[{"taxonomy":"product_brand","embeddable":true,"href":"https:\/\/panwinjet.com\/es\/wp-json\/wp\/v2\/product_brand?post=1001"},{"taxonomy":"product_cat","embeddable":true,"href":"https:\/\/panwinjet.com\/es\/wp-json\/wp\/v2\/product_cat?post=1001"},{"taxonomy":"product_tag","embeddable":true,"href":"https:\/\/panwinjet.com\/es\/wp-json\/wp\/v2\/product_tag?post=1001"}],"curies":[{"name":"wp","href":"https:\/\/api.w.org\/{rel}","templated":true}]}}